{"id":64075,"date":"2021-02-16T12:06:04","date_gmt":"2021-02-16T10:06:04","guid":{"rendered":"https:\/\/dev.tactic.net\/tuote\/bworld-john-deere-lawn-tractor-with-trailer-and-gardener\/"},"modified":"2023-10-20T15:30:00","modified_gmt":"2023-10-20T12:30:00","slug":"bworld-john-deere-lawn-tractor-with-trailer-and-gardener","status":"publish","type":"product","link":"https:\/\/games.tactic.net\/sv\/tuote\/bworld-john-deere-lawn-tractor-with-trailer-and-gardener\/","title":{"rendered":"Bruder bworld John Deere gr\u00e4sklippare med sl\u00e4p leksak"},"content":{"rendered":"<p>John Deere \u00e5kgr\u00e4sklippare \u00e4r k\u00e4nda f\u00f6r komfort, enkelhet och prestanda. X949-modellen sticker ut med enast\u00e5ende k\u00f6rkomfort och ing\u00e5r nu i BRUDER:s sortiment av kommun- och servicefordon. Den detaljerade modellen har rullb\u00e5ge, modernt f\u00f6rars\u00e4te och h\u00f6jdjusterbart, avtagbart klippaggregat. Setet inkluderar en tippbar sl\u00e4pvagn f\u00f6r verktyg och tr\u00e4dg\u00e5rdsavfall samt en tr\u00e4dg\u00e5rdsm\u00e4stare, s\u00e5 leken kan b\u00f6rja direkt. Som till\u00e4gg passar \u00e4ven bworld tr\u00e4dg\u00e5rdsm\u00e4stare med gr\u00e4sklippare (art.nr. 62013).<\/p>\n","protected":false},"excerpt":{"rendered":"<p>Jobba direkt med BRUDER:s \u00e5kgr\u00e4sklippare John Deere X949! Den detaljerade modellen har flera justerbara funktioner och inkluderar en tr\u00e4dg\u00e5rdsm\u00e4stare f\u00f6r \u00e4nnu roligare lek.<\/p>\n","protected":false},"featured_media":0,"template":"","meta":{"content-type":"","_monsterinsights_skip_tracking":false,"_monsterinsights_sitenote_active":false,"_monsterinsights_sitenote_note":"","_monsterinsights_sitenote_category":0},"product_brand":[],"product_cat":[823],"product_tag":[],"brand":[],"target-group":[],"discontinued":[],"class_list":{"0":"post-64075","1":"product","2":"type-product","3":"status-publish","5":"product_cat-bruder","7":"first","8":"instock","9":"taxable","10":"shipping-taxable","11":"product-type-simple"},"aioseo_notices":[],"_links":{"self":[{"href":"https:\/\/games.tactic.net\/sv\/wp-json\/wp\/v2\/product\/64075","targetHints":{"allow":["GET"]}}],"collection":[{"href":"https:\/\/games.tactic.net\/sv\/wp-json\/wp\/v2\/product"}],"about":[{"href":"https:\/\/games.tactic.net\/sv\/wp-json\/wp\/v2\/types\/product"}],"wp:attachment":[{"href":"https:\/\/games.tactic.net\/sv\/wp-json\/wp\/v2\/media?parent=64075"}],"wp:term":[{"taxonomy":"product_brand","embeddable":true,"href":"https:\/\/games.tactic.net\/sv\/wp-json\/wp\/v2\/product_brand?post=64075"},{"taxonomy":"product_cat","embeddable":true,"href":"https:\/\/games.tactic.net\/sv\/wp-json\/wp\/v2\/product_cat?post=64075"},{"taxonomy":"product_tag","embeddable":true,"href":"https:\/\/games.tactic.net\/sv\/wp-json\/wp\/v2\/product_tag?post=64075"},{"taxonomy":"brand","embeddable":true,"href":"https:\/\/games.tactic.net\/sv\/wp-json\/wp\/v2\/brand?post=64075"},{"taxonomy":"target-group","embeddable":true,"href":"https:\/\/games.tactic.net\/sv\/wp-json\/wp\/v2\/target-group?post=64075"},{"taxonomy":"discontinued","embeddable":true,"href":"https:\/\/games.tactic.net\/sv\/wp-json\/wp\/v2\/discontinued?post=64075"}],"curies":[{"name":"wp","href":"https:\/\/api.w.org\/{rel}","templated":true}]}}