{"id":64000,"date":"2021-02-16T12:05:50","date_gmt":"2021-02-16T10:05:50","guid":{"rendered":"https:\/\/dev.tactic.net\/tuote\/saker-som-rullar-malarbok\/"},"modified":"2023-10-06T16:12:24","modified_gmt":"2023-10-06T13:12:24","slug":"saker-som-rullar-malarbok","status":"publish","type":"product","link":"https:\/\/games.tactic.net\/sv\/tuote\/saker-som-rullar-malarbok\/","title":{"rendered":"Tactic Saker som rullar m\u00e5larbok"},"content":{"rendered":"<p>Tycker du om h\u00e4ftiga maskiner, kraftfulla bulldozers och utrycknignsfordon som g\u00e5r fort som blixten? Ta tag i ratten till en gatsopare, k\u00f6r en bil full med timmerstockar till slutm\u00e5let, n\u00e5 h\u00f6gt upp med hj\u00e4lp av en kran och ta sedan en rast och njut avutsikten fr\u00e5n en sp\u00e5rvagn.<\/p>\n","protected":false},"excerpt":{"rendered":"<p>Tycker du om h\u00e4ftiga maskiner, kraftfulla bulldozers och utrycknignsfordon som g\u00e5r fort som blixten? Ta tag i ratten till en gatsopare, k\u00f6r en bil full med timmerstockar till slutm\u00e5let, n\u00e5 h\u00f6gt upp med hj\u00e4lp av en kran och ta sedan en rast och njut avutsikten fr\u00e5n en sp\u00e5rvagn.<\/p>\n","protected":false},"featured_media":0,"template":"","meta":{"content-type":"","_monsterinsights_skip_tracking":false,"_monsterinsights_sitenote_active":false,"_monsterinsights_sitenote_note":"","_monsterinsights_sitenote_category":0},"product_brand":[],"product_cat":[1529],"product_tag":[],"brand":[],"target-group":[],"discontinued":[],"class_list":{"0":"post-64000","1":"product","2":"type-product","3":"status-publish","5":"product_cat-malarbocker-malar-och-pysselbocker","7":"first","8":"instock","9":"taxable","10":"shipping-taxable","11":"product-type-simple"},"aioseo_notices":[],"_links":{"self":[{"href":"https:\/\/games.tactic.net\/sv\/wp-json\/wp\/v2\/product\/64000","targetHints":{"allow":["GET"]}}],"collection":[{"href":"https:\/\/games.tactic.net\/sv\/wp-json\/wp\/v2\/product"}],"about":[{"href":"https:\/\/games.tactic.net\/sv\/wp-json\/wp\/v2\/types\/product"}],"wp:attachment":[{"href":"https:\/\/games.tactic.net\/sv\/wp-json\/wp\/v2\/media?parent=64000"}],"wp:term":[{"taxonomy":"product_brand","embeddable":true,"href":"https:\/\/games.tactic.net\/sv\/wp-json\/wp\/v2\/product_brand?post=64000"},{"taxonomy":"product_cat","embeddable":true,"href":"https:\/\/games.tactic.net\/sv\/wp-json\/wp\/v2\/product_cat?post=64000"},{"taxonomy":"product_tag","embeddable":true,"href":"https:\/\/games.tactic.net\/sv\/wp-json\/wp\/v2\/product_tag?post=64000"},{"taxonomy":"brand","embeddable":true,"href":"https:\/\/games.tactic.net\/sv\/wp-json\/wp\/v2\/brand?post=64000"},{"taxonomy":"target-group","embeddable":true,"href":"https:\/\/games.tactic.net\/sv\/wp-json\/wp\/v2\/target-group?post=64000"},{"taxonomy":"discontinued","embeddable":true,"href":"https:\/\/games.tactic.net\/sv\/wp-json\/wp\/v2\/discontinued?post=64000"}],"curies":[{"name":"wp","href":"https:\/\/api.w.org\/{rel}","templated":true}]}}