{"id":63942,"date":"2021-02-16T12:05:42","date_gmt":"2021-02-16T10:05:42","guid":{"rendered":"https:\/\/dev.tactic.net\/tuote\/hela-sverige-bakar\/"},"modified":"2024-08-20T10:36:05","modified_gmt":"2024-08-20T07:36:05","slug":"hela-sverige-bakar","status":"archive","type":"product","link":"https:\/\/games.tactic.net\/sv\/tuote\/hela-sverige-bakar\/","title":{"rendered":"Hela Sverige bakar"},"content":{"rendered":"<p>Baserat p\u00e5 det popul\u00e4ra TV-programmet! Spelet ger spelarna m\u00f6jlighet att t\u00e4vla i olika kategorier likt programmet: Den hemliga utmaningen d\u00e4r det g\u00e4ller att komma ih\u00e5g M\u00e4sterverket d\u00e4r snabbheten s\u00e4tts p\u00e5 prov, recept och ingredienser samt Klara, F\u00e4rdiga, Baka d\u00e4r det t\u00e4vlas i kunskapen om bakning. Bed\u00f6m kakan d\u00e4r synen utmanas. Veckans M\u00e4sterbagare d\u00e4r det \u00e4r viktigt att ha tur eller Kak-finish d\u00e4r orimliga f\u00f6roch nackdelar f\u00f6rdelas beroende p\u00e5 om moussen har stelnat eller om br\u00f6det \u00e4r en katastrof.<\/p>\n","protected":false},"excerpt":{"rendered":"<p>Ett kul s\u00e4llskapsspel f\u00f6r hela familjen. Spelet \u00e4r baserat p\u00e5 det popul\u00e4ra TV-programmet och ger spelarna m\u00f6jlighet att t\u00e4vla i olika kategorier likt programmet.<\/p>\n","protected":false},"featured_media":0,"template":"","meta":{"content-type":"","_monsterinsights_skip_tracking":false,"_monsterinsights_sitenote_active":false,"_monsterinsights_sitenote_note":"","_monsterinsights_sitenote_category":0},"product_brand":[],"product_cat":[1461],"product_tag":[1235],"brand":[],"target-group":[],"discontinued":[],"class_list":{"0":"post-63942","1":"product","2":"type-product","3":"status-archive","5":"product_cat-bradspel","6":"product_tag-kombinera-sv","8":"first","9":"outofstock","10":"taxable","11":"shipping-taxable","12":"product-type-simple"},"aioseo_notices":[],"_links":{"self":[{"href":"https:\/\/games.tactic.net\/sv\/wp-json\/wp\/v2\/product\/63942","targetHints":{"allow":["GET"]}}],"collection":[{"href":"https:\/\/games.tactic.net\/sv\/wp-json\/wp\/v2\/product"}],"about":[{"href":"https:\/\/games.tactic.net\/sv\/wp-json\/wp\/v2\/types\/product"}],"wp:attachment":[{"href":"https:\/\/games.tactic.net\/sv\/wp-json\/wp\/v2\/media?parent=63942"}],"wp:term":[{"taxonomy":"product_brand","embeddable":true,"href":"https:\/\/games.tactic.net\/sv\/wp-json\/wp\/v2\/product_brand?post=63942"},{"taxonomy":"product_cat","embeddable":true,"href":"https:\/\/games.tactic.net\/sv\/wp-json\/wp\/v2\/product_cat?post=63942"},{"taxonomy":"product_tag","embeddable":true,"href":"https:\/\/games.tactic.net\/sv\/wp-json\/wp\/v2\/product_tag?post=63942"},{"taxonomy":"brand","embeddable":true,"href":"https:\/\/games.tactic.net\/sv\/wp-json\/wp\/v2\/brand?post=63942"},{"taxonomy":"target-group","embeddable":true,"href":"https:\/\/games.tactic.net\/sv\/wp-json\/wp\/v2\/target-group?post=63942"},{"taxonomy":"discontinued","embeddable":true,"href":"https:\/\/games.tactic.net\/sv\/wp-json\/wp\/v2\/discontinued?post=63942"}],"curies":[{"name":"wp","href":"https:\/\/api.w.org\/{rel}","templated":true}]}}