{"id":63913,"date":"2021-02-16T12:05:38","date_gmt":"2021-02-16T10:05:38","guid":{"rendered":"https:\/\/dev.tactic.net\/tuote\/spelet-om-90-talet\/"},"modified":"2024-10-17T12:47:07","modified_gmt":"2024-10-17T09:47:07","slug":"spelet-om-90-talet","status":"archive","type":"product","link":"https:\/\/games.tactic.net\/sv\/tuote\/spelet-om-90-talet\/","title":{"rendered":"Tactic Spelet om 90-talet"},"content":{"rendered":"<p>Hur mycket kan du om 90-talet? \u00c5rtiondet med Internet, Tamagotchi och grungemusik. Detta underh\u00e5llande spel kommer att testa dina kunskaper i fem roliga kategorier. R\u00e4tt svar bel\u00f6nar dig med ett kort och den f\u00f6rsta spelaren som n\u00e5r 5 kort vinner.<\/p>\n","protected":false},"excerpt":{"rendered":"<p>Hur mycket kan du om 90-talet? \u00c5rtiondet med Internet, Tamagotchi och grungemusik. Detta underh\u00e5llande spel kommer att testa dina kunskaper i fem roliga kategorier. R\u00e4tt svar bel\u00f6nar dig med ett kort och den f\u00f6rsta spelaren som n\u00e5r 5 kort vinner.<\/p>\n","protected":false},"featured_media":0,"template":"","meta":{"content-type":"","_monsterinsights_skip_tracking":false,"_monsterinsights_sitenote_active":false,"_monsterinsights_sitenote_note":"","_monsterinsights_sitenote_category":0},"product_brand":[],"product_cat":[1523],"product_tag":[849,1254],"brand":[],"target-group":[],"discontinued":[],"class_list":{"0":"post-63913","1":"product","2":"type-product","3":"status-archive","5":"product_cat-fragespel-vuxenspel","6":"product_tag-kunskap","7":"product_tag-pedagogisk-sv","9":"first","10":"outofstock","11":"taxable","12":"shipping-taxable","13":"product-type-simple"},"aioseo_notices":[],"_links":{"self":[{"href":"https:\/\/games.tactic.net\/sv\/wp-json\/wp\/v2\/product\/63913","targetHints":{"allow":["GET"]}}],"collection":[{"href":"https:\/\/games.tactic.net\/sv\/wp-json\/wp\/v2\/product"}],"about":[{"href":"https:\/\/games.tactic.net\/sv\/wp-json\/wp\/v2\/types\/product"}],"wp:attachment":[{"href":"https:\/\/games.tactic.net\/sv\/wp-json\/wp\/v2\/media?parent=63913"}],"wp:term":[{"taxonomy":"product_brand","embeddable":true,"href":"https:\/\/games.tactic.net\/sv\/wp-json\/wp\/v2\/product_brand?post=63913"},{"taxonomy":"product_cat","embeddable":true,"href":"https:\/\/games.tactic.net\/sv\/wp-json\/wp\/v2\/product_cat?post=63913"},{"taxonomy":"product_tag","embeddable":true,"href":"https:\/\/games.tactic.net\/sv\/wp-json\/wp\/v2\/product_tag?post=63913"},{"taxonomy":"brand","embeddable":true,"href":"https:\/\/games.tactic.net\/sv\/wp-json\/wp\/v2\/brand?post=63913"},{"taxonomy":"target-group","embeddable":true,"href":"https:\/\/games.tactic.net\/sv\/wp-json\/wp\/v2\/target-group?post=63913"},{"taxonomy":"discontinued","embeddable":true,"href":"https:\/\/games.tactic.net\/sv\/wp-json\/wp\/v2\/discontinued?post=63913"}],"curies":[{"name":"wp","href":"https:\/\/api.w.org\/{rel}","templated":true}]}}