{"id":63898,"date":"2021-02-16T12:05:35","date_gmt":"2021-02-16T10:05:35","guid":{"rendered":"https:\/\/dev.tactic.net\/tuote\/spelet-om-80-talet\/"},"modified":"2023-10-06T09:04:31","modified_gmt":"2023-10-06T06:04:31","slug":"spelet-om-80-talet","status":"publish","type":"product","link":"https:\/\/games.tactic.net\/sv\/tuote\/spelet-om-80-talet\/","title":{"rendered":"Tactic Spelet om 80-talet"},"content":{"rendered":"<p>Hur mycket kan du om 80 talet? \u00c5rtiondet av MTV, jeans med h\u00f6g midja och midjekorta kavajer. Detta underh\u00e5llande spel kommer att testa dina kunskaper i fem roliga kategorier. R\u00e4tt svar bel\u00f6nar dig med ett kort och den f\u00f6rsta spelaren som n\u00e5r 5 kort vinner.<\/p>\n","protected":false},"excerpt":{"rendered":"<p>Hur mycket kan du om 80 talet? \u00c5rtiondet av MTV, jeans med h\u00f6g midja och midjekorta kavajer. Detta underh\u00e5llande spel kommer att testa dina kunskaper i fem roliga kategorier. R\u00e4tt svar bel\u00f6nar dig med ett kort och den f\u00f6rsta spelaren som n\u00e5r 5 kort vinner.<\/p>\n","protected":false},"featured_media":0,"template":"","meta":{"content-type":"","_monsterinsights_skip_tracking":false,"_monsterinsights_sitenote_active":false,"_monsterinsights_sitenote_note":"","_monsterinsights_sitenote_category":0},"product_brand":[],"product_cat":[1523],"product_tag":[849,1254],"brand":[],"target-group":[],"discontinued":[],"class_list":{"0":"post-63898","1":"product","2":"type-product","3":"status-publish","5":"product_cat-fragespel-vuxenspel","6":"product_tag-kunskap","7":"product_tag-pedagogisk-sv","9":"first","10":"instock","11":"taxable","12":"shipping-taxable","13":"product-type-simple"},"aioseo_notices":[],"_links":{"self":[{"href":"https:\/\/games.tactic.net\/sv\/wp-json\/wp\/v2\/product\/63898","targetHints":{"allow":["GET"]}}],"collection":[{"href":"https:\/\/games.tactic.net\/sv\/wp-json\/wp\/v2\/product"}],"about":[{"href":"https:\/\/games.tactic.net\/sv\/wp-json\/wp\/v2\/types\/product"}],"wp:attachment":[{"href":"https:\/\/games.tactic.net\/sv\/wp-json\/wp\/v2\/media?parent=63898"}],"wp:term":[{"taxonomy":"product_brand","embeddable":true,"href":"https:\/\/games.tactic.net\/sv\/wp-json\/wp\/v2\/product_brand?post=63898"},{"taxonomy":"product_cat","embeddable":true,"href":"https:\/\/games.tactic.net\/sv\/wp-json\/wp\/v2\/product_cat?post=63898"},{"taxonomy":"product_tag","embeddable":true,"href":"https:\/\/games.tactic.net\/sv\/wp-json\/wp\/v2\/product_tag?post=63898"},{"taxonomy":"brand","embeddable":true,"href":"https:\/\/games.tactic.net\/sv\/wp-json\/wp\/v2\/brand?post=63898"},{"taxonomy":"target-group","embeddable":true,"href":"https:\/\/games.tactic.net\/sv\/wp-json\/wp\/v2\/target-group?post=63898"},{"taxonomy":"discontinued","embeddable":true,"href":"https:\/\/games.tactic.net\/sv\/wp-json\/wp\/v2\/discontinued?post=63898"}],"curies":[{"name":"wp","href":"https:\/\/api.w.org\/{rel}","templated":true}]}}