{"id":63883,"date":"2021-02-16T12:05:31","date_gmt":"2021-02-16T10:05:31","guid":{"rendered":"https:\/\/dev.tactic.net\/tuote\/bworld-motorcycly-service-with-scrambler-ducati-full-throttle\/"},"modified":"2023-10-20T15:30:28","modified_gmt":"2023-10-20T12:30:28","slug":"bworld-motorcycly-service-with-scrambler-ducati-full-throttle","status":"publish","type":"product","link":"https:\/\/games.tactic.net\/sv\/tuote\/bworld-motorcycly-service-with-scrambler-ducati-full-throttle\/","title":{"rendered":"Bruder bworld Motorcykelverkstad Ducati Scrambler FT leksak"},"content":{"rendered":"<p>bworld \u00e4r BRUDER:s figurv\u00e4rld \u2013 med r\u00f6rliga figurer, djur, tillbeh\u00f6r och temaupps\u00e4ttningar som passar perfekt till fordonen. Med de nya temav\u00e4ggarna och hyllsystemen skapas \u00e4nnu mer realistiska milj\u00f6er. Den nya bworld motorcykelverkstaden \u00e4r ett paradis f\u00f6r mekaniker: Ducati Scrambler Full Throttle st\u00e5r p\u00e5 lyftbord, f\u00e4st med h\u00e5llare f\u00f6r service. Mekanikern har verktyg, hj\u00e4lm och handskar p\u00e5 hyllorna och kan f\u00f6rbereda f\u00f6r provtur. Verkstaden kombineras enkelt med andra bworld-set. Passar s\u00e4rskilt bra ihop med RAM Power Wagon med Ducati Desert Sled (art.nr. 02502) eller Land Rover Station Wagon med sl\u00e4p och Ducati Full Throttle (art.nr. 02589).<\/p>\n","protected":false},"excerpt":{"rendered":"<p>Ducati Scrambler Full Throttle fixeras p\u00e5 lyftplattform f\u00f6r service. Mekanikern har verktygsl\u00e5da och f\u00f6rvaring f\u00f6r hj\u00e4lm och handskar. Allt redo f\u00f6r provk\u00f6rning!<\/p>\n","protected":false},"featured_media":0,"template":"","meta":{"content-type":"","_monsterinsights_skip_tracking":false,"_monsterinsights_sitenote_active":false,"_monsterinsights_sitenote_note":"","_monsterinsights_sitenote_category":0},"product_brand":[],"product_cat":[823],"product_tag":[],"brand":[],"target-group":[],"discontinued":[],"class_list":{"0":"post-63883","1":"product","2":"type-product","3":"status-publish","5":"product_cat-bruder","7":"first","8":"instock","9":"taxable","10":"shipping-taxable","11":"product-type-simple"},"aioseo_notices":[],"_links":{"self":[{"href":"https:\/\/games.tactic.net\/sv\/wp-json\/wp\/v2\/product\/63883","targetHints":{"allow":["GET"]}}],"collection":[{"href":"https:\/\/games.tactic.net\/sv\/wp-json\/wp\/v2\/product"}],"about":[{"href":"https:\/\/games.tactic.net\/sv\/wp-json\/wp\/v2\/types\/product"}],"wp:attachment":[{"href":"https:\/\/games.tactic.net\/sv\/wp-json\/wp\/v2\/media?parent=63883"}],"wp:term":[{"taxonomy":"product_brand","embeddable":true,"href":"https:\/\/games.tactic.net\/sv\/wp-json\/wp\/v2\/product_brand?post=63883"},{"taxonomy":"product_cat","embeddable":true,"href":"https:\/\/games.tactic.net\/sv\/wp-json\/wp\/v2\/product_cat?post=63883"},{"taxonomy":"product_tag","embeddable":true,"href":"https:\/\/games.tactic.net\/sv\/wp-json\/wp\/v2\/product_tag?post=63883"},{"taxonomy":"brand","embeddable":true,"href":"https:\/\/games.tactic.net\/sv\/wp-json\/wp\/v2\/brand?post=63883"},{"taxonomy":"target-group","embeddable":true,"href":"https:\/\/games.tactic.net\/sv\/wp-json\/wp\/v2\/target-group?post=63883"},{"taxonomy":"discontinued","embeddable":true,"href":"https:\/\/games.tactic.net\/sv\/wp-json\/wp\/v2\/discontinued?post=63883"}],"curies":[{"name":"wp","href":"https:\/\/api.w.org\/{rel}","templated":true}]}}