{"id":63868,"date":"2021-02-16T12:05:28","date_gmt":"2021-02-16T10:05:28","guid":{"rendered":"https:\/\/dev.tactic.net\/tuote\/man-tgs-street-sweeper\/"},"modified":"2023-10-20T16:41:46","modified_gmt":"2023-10-20T13:41:46","slug":"man-tgs-street-sweeper","status":"publish","type":"product","link":"https:\/\/games.tactic.net\/sv\/tuote\/man-tgs-street-sweeper\/","title":{"rendered":"Bruder MAN TGS Gatusopmaskin leksak"},"content":{"rendered":"<p>V\u00e4gst\u00e4dningslag \u00e4r oumb\u00e4rliga f\u00f6r varje kommun och en sj\u00e4lvklar del av stadsbilden. Inget annat fordon reng\u00f6r v\u00e4gar och trottoarer lika effektivt. BRUDER:s nya v\u00e4gst\u00e4darbil visar i detalj hur denna sp\u00e4nnande lastbil fungerar. MAN TGS \u00e4r den perfekta partnern: h\u00e5llbar design, upp till 500 hk och h\u00f6g lastkapacitet g\u00f6r den till den typiska allroundbilen. Sopmaskinsp\u00e5byggnaden har tv\u00e5 roterande, justerbara borstar som \u00e4ven kan h\u00f6jdjusteras f\u00f6r sv\u00e5r\u00e5tkomliga omr\u00e5den. Undertill sitter en l\u00e5ng, drivande borste som reng\u00f6r marken under f\u00e4rd. Bak finns en flexibel slang med sugr\u00f6r f\u00f6r st\u00f6rre m\u00e4ngder smuts. Avfallsbeh\u00e5llaren tippas enkelt och bakd\u00f6rren \u00f6ppnas f\u00f6r t\u00f6mning. N\u00e4r karossen tippas syns det imponerande sugsystemet. Kan kompletteras med Ljus- &#038; Ljudmodul (art.nr. 02801\/02802). Kombinera g\u00e4rna med bworld kommunarbetare (art.nr. 62130) f\u00f6r \u00e4nnu mer lekgl\u00e4dje.<\/p>\n","protected":false},"excerpt":{"rendered":"<p>Sopmaskiner \u00e4r oumb\u00e4rliga i staden! BRUDER MAN TGS v\u00e4gsopbil med roterande borstar, sugslang och tippbar beh\u00e5llare visar hur v\u00e4gar h\u00e5lls rena.<\/p>\n","protected":false},"featured_media":0,"template":"","meta":{"content-type":"","_monsterinsights_skip_tracking":false,"_monsterinsights_sitenote_active":false,"_monsterinsights_sitenote_note":"","_monsterinsights_sitenote_category":0},"product_brand":[],"product_cat":[823],"product_tag":[],"brand":[],"target-group":[],"discontinued":[],"class_list":{"0":"post-63868","1":"product","2":"type-product","3":"status-publish","5":"product_cat-bruder","7":"first","8":"instock","9":"taxable","10":"shipping-taxable","11":"product-type-simple"},"aioseo_notices":[],"_links":{"self":[{"href":"https:\/\/games.tactic.net\/sv\/wp-json\/wp\/v2\/product\/63868","targetHints":{"allow":["GET"]}}],"collection":[{"href":"https:\/\/games.tactic.net\/sv\/wp-json\/wp\/v2\/product"}],"about":[{"href":"https:\/\/games.tactic.net\/sv\/wp-json\/wp\/v2\/types\/product"}],"wp:attachment":[{"href":"https:\/\/games.tactic.net\/sv\/wp-json\/wp\/v2\/media?parent=63868"}],"wp:term":[{"taxonomy":"product_brand","embeddable":true,"href":"https:\/\/games.tactic.net\/sv\/wp-json\/wp\/v2\/product_brand?post=63868"},{"taxonomy":"product_cat","embeddable":true,"href":"https:\/\/games.tactic.net\/sv\/wp-json\/wp\/v2\/product_cat?post=63868"},{"taxonomy":"product_tag","embeddable":true,"href":"https:\/\/games.tactic.net\/sv\/wp-json\/wp\/v2\/product_tag?post=63868"},{"taxonomy":"brand","embeddable":true,"href":"https:\/\/games.tactic.net\/sv\/wp-json\/wp\/v2\/brand?post=63868"},{"taxonomy":"target-group","embeddable":true,"href":"https:\/\/games.tactic.net\/sv\/wp-json\/wp\/v2\/target-group?post=63868"},{"taxonomy":"discontinued","embeddable":true,"href":"https:\/\/games.tactic.net\/sv\/wp-json\/wp\/v2\/discontinued?post=63868"}],"curies":[{"name":"wp","href":"https:\/\/api.w.org\/{rel}","templated":true}]}}