{"id":63853,"date":"2021-02-16T12:05:24","date_gmt":"2021-02-16T10:05:24","guid":{"rendered":"https:\/\/dev.tactic.net\/tuote\/case-ih-optum-300-cvx-with-frontloader-with-bale-transport-trailer-with-8-round-bales\/"},"modified":"2023-10-20T15:32:22","modified_gmt":"2023-10-20T12:32:22","slug":"case-ih-optum-300-cvx-with-frontloader-with-bale-transport-trailer-with-8-round-bales","status":"publish","type":"product","link":"https:\/\/games.tactic.net\/sv\/tuote\/case-ih-optum-300-cvx-with-frontloader-with-bale-transport-trailer-with-8-round-bales\/","title":{"rendered":"Bruder Case IH Optum 300 CVX with frontloader with bale transport trailer toy"},"content":{"rendered":"<p>H\u00f6sten \u00e4r framf\u00f6r allt den tid d\u00e5 b\u00f6nderna m\u00e5ste samla in alla ensilage- och halmbalar som ligger utspridda i landskapet och transportera dem tillbaka till stallet eller ladan. BRUDER erbjuder nu en ny och fascinerande fordonskombination f\u00f6r just detta arbete. Optum-serien best\u00e5r av kraftfulla, kompakta och extremt smidiga traktorer med ett enast\u00e5ende effekt-viktf\u00f6rh\u00e5llande. Dessa modeller klarar alla utmaningar med maximal prestanda, effektivitet och tillf\u00f6rlitlighet \u2013 och imponerar med sin moderna design.<\/p>\n<p>N\u00e4r det g\u00e4ller utseende, funktion och kvalitet lever BRUDERs nya modell i skala 1:16 helt upp till f\u00f6retagets motto: &#8221;precis som p\u00e5 riktigt&#8221;. Hytten \u00e4r helt inglasad med l\u00e4tt\u00f6ppnade d\u00f6rrar. Den f\u00e4llbara motorhuven ger tillg\u00e5ng till den imponerande motorn. Utm\u00e4rkt man\u00f6vrerbarhet och k\u00f6rkomfort s\u00e4kerst\u00e4lls tack vare den r\u00f6rliga pendelaxeln samt styrf\u00f6rl\u00e4ngningen som f\u00f6rs in genom taket. Den fullt fungerande frontlastaren ger \u00e4nnu mer lekgl\u00e4dje. Den h\u00f6jdjusterbara bakre kopplingen \u00e4r kompatibel med alla sl\u00e4pvagnar i Professional-serien. De nya avtagbara hjulen g\u00f6r leken \u00e4nnu roligare. Sj\u00e4lvklart \u00e4r alla BRUDERs jordbruksvagnar och redskap kompatibla med denna traktor.<\/p>\n<p>BRUDERs baltransportvagn k\u00e4nnetecknas av f\u00e4llbara sidogrindar och levereras med 8 rundbalar. Denna vagn \u00e4r d\u00e4rf\u00f6r den perfekta partnern f\u00f6r baltransport. Bondesetfiguren (artikel nr 62610) fr\u00e5n det breda bworld-sortimentet \u00e4r ett perfekt komplement som ytterligare ut\u00f6kar m\u00f6jligheterna till kreativ och kvalitativ lek.<\/p>\n","protected":false},"excerpt":{"rendered":"<p>Bruder<\/p>\n","protected":false},"featured_media":0,"template":"","meta":{"content-type":"","_monsterinsights_skip_tracking":false,"_monsterinsights_sitenote_active":false,"_monsterinsights_sitenote_note":"","_monsterinsights_sitenote_category":0},"product_brand":[],"product_cat":[823],"product_tag":[],"brand":[],"target-group":[],"discontinued":[],"class_list":{"0":"post-63853","1":"product","2":"type-product","3":"status-publish","5":"product_cat-bruder","7":"first","8":"instock","9":"taxable","10":"shipping-taxable","11":"product-type-simple"},"aioseo_notices":[],"_links":{"self":[{"href":"https:\/\/games.tactic.net\/sv\/wp-json\/wp\/v2\/product\/63853","targetHints":{"allow":["GET"]}}],"collection":[{"href":"https:\/\/games.tactic.net\/sv\/wp-json\/wp\/v2\/product"}],"about":[{"href":"https:\/\/games.tactic.net\/sv\/wp-json\/wp\/v2\/types\/product"}],"wp:attachment":[{"href":"https:\/\/games.tactic.net\/sv\/wp-json\/wp\/v2\/media?parent=63853"}],"wp:term":[{"taxonomy":"product_brand","embeddable":true,"href":"https:\/\/games.tactic.net\/sv\/wp-json\/wp\/v2\/product_brand?post=63853"},{"taxonomy":"product_cat","embeddable":true,"href":"https:\/\/games.tactic.net\/sv\/wp-json\/wp\/v2\/product_cat?post=63853"},{"taxonomy":"product_tag","embeddable":true,"href":"https:\/\/games.tactic.net\/sv\/wp-json\/wp\/v2\/product_tag?post=63853"},{"taxonomy":"brand","embeddable":true,"href":"https:\/\/games.tactic.net\/sv\/wp-json\/wp\/v2\/brand?post=63853"},{"taxonomy":"target-group","embeddable":true,"href":"https:\/\/games.tactic.net\/sv\/wp-json\/wp\/v2\/target-group?post=63853"},{"taxonomy":"discontinued","embeddable":true,"href":"https:\/\/games.tactic.net\/sv\/wp-json\/wp\/v2\/discontinued?post=63853"}],"curies":[{"name":"wp","href":"https:\/\/api.w.org\/{rel}","templated":true}]}}