{"id":63823,"date":"2021-02-16T12:05:09","date_gmt":"2021-02-16T10:05:09","guid":{"rendered":"https:\/\/dev.tactic.net\/tuote\/blixt-blick\/"},"modified":"2023-10-06T09:49:19","modified_gmt":"2023-10-06T06:49:19","slug":"blixt-blick","status":"publish","type":"product","link":"https:\/\/games.tactic.net\/sv\/tuote\/blixt-blick\/","title":{"rendered":"Tactic Blixt Blick"},"content":{"rendered":"<p>Dessa spel g\u00e5r blixtsnabbt att plocka fram och b\u00f6rja spela. H\u00e4r beh\u00f6ver ingen v\u00e4nta p\u00e5 sin tur, utan alla tar del samtidigt. I Blixt-spelen g\u00e4ller det att vara snabbare \u00e4n de andra. Alla teman som anv\u00e4nds \u00e4r intressanta, roliga och l\u00e4rorika!<\/p>\n","protected":false},"excerpt":{"rendered":"<p>Dessa spel g\u00e5r blixtsnabbt att plocka fram och b\u00f6rja spela. H\u00e4r beh\u00f6ver ingen v\u00e4nta p\u00e5 sin tur, utan alla tar del samtidigt. I Blixt-spelen g\u00e4ller det att vara snabbare \u00e4n de andra. Alla teman som anv\u00e4nds \u00e4r intressanta, roliga och l\u00e4rorika!<\/p>\n","protected":false},"featured_media":0,"template":"","meta":{"content-type":"","_monsterinsights_skip_tracking":false,"_monsterinsights_sitenote_active":false,"_monsterinsights_sitenote_note":"","_monsterinsights_sitenote_category":0},"product_brand":[],"product_cat":[1578],"product_tag":[],"brand":[],"target-group":[],"discontinued":[],"class_list":{"0":"post-63823","1":"product","2":"type-product","3":"status-publish","5":"product_cat-kort-och-tarningsspel-familjespel","7":"first","8":"instock","9":"taxable","10":"shipping-taxable","11":"product-type-simple"},"aioseo_notices":[],"_links":{"self":[{"href":"https:\/\/games.tactic.net\/sv\/wp-json\/wp\/v2\/product\/63823","targetHints":{"allow":["GET"]}}],"collection":[{"href":"https:\/\/games.tactic.net\/sv\/wp-json\/wp\/v2\/product"}],"about":[{"href":"https:\/\/games.tactic.net\/sv\/wp-json\/wp\/v2\/types\/product"}],"wp:attachment":[{"href":"https:\/\/games.tactic.net\/sv\/wp-json\/wp\/v2\/media?parent=63823"}],"wp:term":[{"taxonomy":"product_brand","embeddable":true,"href":"https:\/\/games.tactic.net\/sv\/wp-json\/wp\/v2\/product_brand?post=63823"},{"taxonomy":"product_cat","embeddable":true,"href":"https:\/\/games.tactic.net\/sv\/wp-json\/wp\/v2\/product_cat?post=63823"},{"taxonomy":"product_tag","embeddable":true,"href":"https:\/\/games.tactic.net\/sv\/wp-json\/wp\/v2\/product_tag?post=63823"},{"taxonomy":"brand","embeddable":true,"href":"https:\/\/games.tactic.net\/sv\/wp-json\/wp\/v2\/brand?post=63823"},{"taxonomy":"target-group","embeddable":true,"href":"https:\/\/games.tactic.net\/sv\/wp-json\/wp\/v2\/target-group?post=63823"},{"taxonomy":"discontinued","embeddable":true,"href":"https:\/\/games.tactic.net\/sv\/wp-json\/wp\/v2\/discontinued?post=63823"}],"curies":[{"name":"wp","href":"https:\/\/api.w.org\/{rel}","templated":true}]}}