{"id":63717,"date":"2021-02-16T12:01:53","date_gmt":"2021-02-16T10:01:53","guid":{"rendered":"https:\/\/dev.tactic.net\/tuote\/lumo-stars-golvpussel\/"},"modified":"2024-04-09T15:06:12","modified_gmt":"2024-04-09T12:06:12","slug":"lumo-stars-golvpussel","status":"archive","type":"product","link":"https:\/\/games.tactic.net\/sv\/tuote\/lumo-stars-golvpussel\/","title":{"rendered":"Lumo Stars Golvpussel"},"content":{"rendered":"<p>Detta f\u00f6rtjusande Lumo Stars golvpussel inneh\u00e5ller h\u00e5llbara bitar av h\u00f6g kvalitet. De vackra bilderna \u00e4r l\u00e4tta och roliga att s\u00e4tta ihop. De stora bitarna g\u00f6r att \u00e4ven de allra yngsta kan l\u00e4gga pusslet.<\/p>\n","protected":false},"excerpt":{"rendered":"<p>Detta f\u00f6rtjusande Lumo Stars golvpussel inneh\u00e5ller h\u00e5llbara bitar av h\u00f6g kvalitet. De vackra bilderna \u00e4r l\u00e4tta och roliga att s\u00e4tta ihop. De stora bitarna g\u00f6r att \u00e4ven de allra yngsta kan l\u00e4gga pusslet.<\/p>\n","protected":false},"featured_media":0,"template":"","meta":{"content-type":"","_monsterinsights_skip_tracking":false,"_monsterinsights_sitenote_active":false,"_monsterinsights_sitenote_note":"","_monsterinsights_sitenote_category":0},"product_brand":[],"product_cat":[1571,1520,1570],"product_tag":[],"brand":[{"id":1018,"name":"Lumo Stars","slug":"lumo-stars-13"}],"target-group":[],"discontinued":[],"class_list":{"0":"post-63717","1":"product","2":"type-product","3":"status-archive","5":"product_cat-barn-pussel-barnspel","6":"product_cat-barn-pussel","7":"product_cat-ovrigt","8":"brand-lumo-stars-13","10":"first","11":"outofstock","12":"taxable","13":"shipping-taxable","14":"product-type-simple"},"aioseo_notices":[],"_links":{"self":[{"href":"https:\/\/games.tactic.net\/sv\/wp-json\/wp\/v2\/product\/63717","targetHints":{"allow":["GET"]}}],"collection":[{"href":"https:\/\/games.tactic.net\/sv\/wp-json\/wp\/v2\/product"}],"about":[{"href":"https:\/\/games.tactic.net\/sv\/wp-json\/wp\/v2\/types\/product"}],"wp:attachment":[{"href":"https:\/\/games.tactic.net\/sv\/wp-json\/wp\/v2\/media?parent=63717"}],"wp:term":[{"taxonomy":"product_brand","embeddable":true,"href":"https:\/\/games.tactic.net\/sv\/wp-json\/wp\/v2\/product_brand?post=63717"},{"taxonomy":"product_cat","embeddable":true,"href":"https:\/\/games.tactic.net\/sv\/wp-json\/wp\/v2\/product_cat?post=63717"},{"taxonomy":"product_tag","embeddable":true,"href":"https:\/\/games.tactic.net\/sv\/wp-json\/wp\/v2\/product_tag?post=63717"},{"taxonomy":"brand","embeddable":true,"href":"https:\/\/games.tactic.net\/sv\/wp-json\/wp\/v2\/brand?post=63717"},{"taxonomy":"target-group","embeddable":true,"href":"https:\/\/games.tactic.net\/sv\/wp-json\/wp\/v2\/target-group?post=63717"},{"taxonomy":"discontinued","embeddable":true,"href":"https:\/\/games.tactic.net\/sv\/wp-json\/wp\/v2\/discontinued?post=63717"}],"curies":[{"name":"wp","href":"https:\/\/api.w.org\/{rel}","templated":true}]}}