{"id":63715,"date":"2021-02-16T12:01:20","date_gmt":"2021-02-16T10:01:20","guid":{"rendered":"https:\/\/dev.tactic.net\/tuote\/lumo-stars-kvartettspel\/"},"modified":"2023-10-25T17:04:33","modified_gmt":"2023-10-25T14:04:33","slug":"lumo-stars-kvartettspel","status":"publish","type":"product","link":"https:\/\/games.tactic.net\/sv\/tuote\/lumo-stars-kvartettspel\/","title":{"rendered":"Lumo Stars Kvartettspel"},"content":{"rendered":"<p>Samla flest kvartetter i detta h\u00e4rliga Lumo Stars-spel och vinn! Korten \u00e4r fyllda med s\u00f6ta och f\u00e4rggranna bilder av dina Lumo-favoriter. L\u00e4r dig att k\u00e4nna igen f\u00e4rger samt att r\u00e4kna p\u00e5 samma g\u00e5ng.<\/p>\n","protected":false},"excerpt":{"rendered":"<p>Samla flest kvartetter i detta h\u00e4rliga Lumo Stars-spel och vinn! Korten \u00e4r fyllda med s\u00f6ta och f\u00e4rggranna bilder av dina Lumo-favoriter. L\u00e4r dig att k\u00e4nna igen f\u00e4rger samt att r\u00e4kna p\u00e5 samma g\u00e5ng.<\/p>\n","protected":false},"featured_media":0,"template":"","meta":{"content-type":"","_monsterinsights_skip_tracking":false,"_monsterinsights_sitenote_active":false,"_monsterinsights_sitenote_note":"","_monsterinsights_sitenote_category":0},"product_brand":[],"product_cat":[1462,1570],"product_tag":[1235,1264],"brand":[{"id":1018,"name":"Lumo Stars","slug":"lumo-stars-13"}],"target-group":[],"discontinued":[],"class_list":{"0":"post-63715","1":"product","2":"type-product","3":"status-publish","5":"product_cat-bradspel-barnspel","6":"product_cat-ovrigt","7":"product_tag-kombinera-sv","8":"product_tag-lumo-stars-sv","9":"brand-lumo-stars-13","11":"first","12":"instock","13":"taxable","14":"shipping-taxable","15":"product-type-simple"},"aioseo_notices":[],"_links":{"self":[{"href":"https:\/\/games.tactic.net\/sv\/wp-json\/wp\/v2\/product\/63715","targetHints":{"allow":["GET"]}}],"collection":[{"href":"https:\/\/games.tactic.net\/sv\/wp-json\/wp\/v2\/product"}],"about":[{"href":"https:\/\/games.tactic.net\/sv\/wp-json\/wp\/v2\/types\/product"}],"wp:attachment":[{"href":"https:\/\/games.tactic.net\/sv\/wp-json\/wp\/v2\/media?parent=63715"}],"wp:term":[{"taxonomy":"product_brand","embeddable":true,"href":"https:\/\/games.tactic.net\/sv\/wp-json\/wp\/v2\/product_brand?post=63715"},{"taxonomy":"product_cat","embeddable":true,"href":"https:\/\/games.tactic.net\/sv\/wp-json\/wp\/v2\/product_cat?post=63715"},{"taxonomy":"product_tag","embeddable":true,"href":"https:\/\/games.tactic.net\/sv\/wp-json\/wp\/v2\/product_tag?post=63715"},{"taxonomy":"brand","embeddable":true,"href":"https:\/\/games.tactic.net\/sv\/wp-json\/wp\/v2\/brand?post=63715"},{"taxonomy":"target-group","embeddable":true,"href":"https:\/\/games.tactic.net\/sv\/wp-json\/wp\/v2\/target-group?post=63715"},{"taxonomy":"discontinued","embeddable":true,"href":"https:\/\/games.tactic.net\/sv\/wp-json\/wp\/v2\/discontinued?post=63715"}],"curies":[{"name":"wp","href":"https:\/\/api.w.org\/{rel}","templated":true}]}}