{"id":63699,"date":"2021-02-16T12:00:17","date_gmt":"2021-02-16T10:00:17","guid":{"rendered":"https:\/\/dev.tactic.net\/tuote\/mitt-forsta-spel-batresan\/"},"modified":"2022-01-13T08:54:12","modified_gmt":"2022-01-13T06:54:12","slug":"mitt-forsta-spel-batresan","status":"publish","type":"product","link":"https:\/\/games.tactic.net\/sv\/tuote\/mitt-forsta-spel-batresan\/","title":{"rendered":"Tactic Mitt f\u00f6rsta spel B\u00e5tresan"},"content":{"rendered":"<p>De s\u00f6ta djuren vill ut och resa. Kasta t\u00e4rningen, v\u00e4nd p\u00e5 pusselbitarna och f\u00f6rs\u00f6k att f\u00e5 ihop ditt eget f\u00e4rgglada t\u00e5g med fem b\u00e5tar innan de andra spelarna hinner f\u00f6re. Gl\u00f6m inte grodan \u2013 den ska vara kapten p\u00e5 din f\u00f6rsta b\u00e5t om du vill vinna.<\/p>\n","protected":false},"excerpt":{"rendered":"<p>De s\u00f6ta djuren vill ut och resa. Kasta t\u00e4rningen, v\u00e4nd p\u00e5 pusselbitarna och f\u00f6rs\u00f6k att f\u00e5 ihop ditt eget f\u00e4rgglada t\u00e5g med fem b\u00e5tar innan de andra spelarna hinner f\u00f6re. Gl\u00f6m inte grodan \u2013 den ska vara kapten p\u00e5 din f\u00f6rsta b\u00e5t om du vill vinna.<\/p>\n","protected":false},"featured_media":0,"template":"","meta":{"content-type":"","_monsterinsights_skip_tracking":false,"_monsterinsights_sitenote_active":false,"_monsterinsights_sitenote_note":"","_monsterinsights_sitenote_category":0},"product_brand":[],"product_cat":[1462],"product_tag":[],"brand":[],"target-group":[],"discontinued":[],"class_list":{"0":"post-63699","1":"product","2":"type-product","3":"status-publish","5":"product_cat-bradspel-barnspel","7":"first","8":"instock","9":"taxable","10":"shipping-taxable","11":"product-type-simple"},"aioseo_notices":[],"_links":{"self":[{"href":"https:\/\/games.tactic.net\/sv\/wp-json\/wp\/v2\/product\/63699","targetHints":{"allow":["GET"]}}],"collection":[{"href":"https:\/\/games.tactic.net\/sv\/wp-json\/wp\/v2\/product"}],"about":[{"href":"https:\/\/games.tactic.net\/sv\/wp-json\/wp\/v2\/types\/product"}],"wp:attachment":[{"href":"https:\/\/games.tactic.net\/sv\/wp-json\/wp\/v2\/media?parent=63699"}],"wp:term":[{"taxonomy":"product_brand","embeddable":true,"href":"https:\/\/games.tactic.net\/sv\/wp-json\/wp\/v2\/product_brand?post=63699"},{"taxonomy":"product_cat","embeddable":true,"href":"https:\/\/games.tactic.net\/sv\/wp-json\/wp\/v2\/product_cat?post=63699"},{"taxonomy":"product_tag","embeddable":true,"href":"https:\/\/games.tactic.net\/sv\/wp-json\/wp\/v2\/product_tag?post=63699"},{"taxonomy":"brand","embeddable":true,"href":"https:\/\/games.tactic.net\/sv\/wp-json\/wp\/v2\/brand?post=63699"},{"taxonomy":"target-group","embeddable":true,"href":"https:\/\/games.tactic.net\/sv\/wp-json\/wp\/v2\/target-group?post=63699"},{"taxonomy":"discontinued","embeddable":true,"href":"https:\/\/games.tactic.net\/sv\/wp-json\/wp\/v2\/discontinued?post=63699"}],"curies":[{"name":"wp","href":"https:\/\/api.w.org\/{rel}","templated":true}]}}