{"id":63670,"date":"2021-02-16T11:59:44","date_gmt":"2021-02-16T09:59:44","guid":{"rendered":"https:\/\/dev.tactic.net\/tuote\/arctic-race\/"},"modified":"2024-12-04T10:36:43","modified_gmt":"2024-12-04T08:36:43","slug":"arctic-race","status":"archive","type":"product","link":"https:\/\/games.tactic.net\/sv\/tuote\/arctic-race\/","title":{"rendered":"Gamestorm Arctic Race"},"content":{"rendered":"<p>F\u00f6rs\u00f6k att f\u00f6ra dina tv\u00e5 sl\u00e4dhundspann till Nordpolen f\u00f6rst av alla i detta sn\u00f6iga och sp\u00e4nnande \u00e4ventyr. Din resa \u00e4r riskabel och dina motspelare kan l\u00e4gga ut hinder i din v\u00e4g. Spela taktiskt och anv\u00e4nd din utrustning v\u00e4l s\u00e5 att du kan sl\u00e5 de andra i detta nervpirrande race.<\/p>\n","protected":false},"excerpt":{"rendered":"<p>F\u00f6rs\u00f6k att f\u00f6ra dina tv\u00e5 sl\u00e4dhundspann till Nordpolen f\u00f6rst av alla i detta sn\u00f6iga och sp\u00e4nnande \u00e4ventyr. Din resa \u00e4r riskabel och dina motspelare kan l\u00e4gga ut hinder i din v\u00e4g. Spela taktiskt och anv\u00e4nd din utrustning v\u00e4l s\u00e5 att du kan sl\u00e5 de andra i detta nervpirrande race.<\/p>\n","protected":false},"featured_media":0,"template":"","meta":{"content-type":"","_monsterinsights_skip_tracking":false,"_monsterinsights_sitenote_active":false,"_monsterinsights_sitenote_note":"","_monsterinsights_sitenote_category":0},"product_brand":[],"product_cat":[1522,772],"product_tag":[1238],"brand":[{"id":881,"name":"Gamestorm Studio","slug":"gamestormstudio"}],"target-group":[],"discontinued":[],"class_list":{"0":"post-63670","1":"product","2":"type-product","3":"status-archive","5":"product_cat-strategispel-vuxenspel","6":"product_cat-strategispel","7":"product_tag-strategi-sv","8":"brand-gamestormstudio","10":"first","11":"outofstock","12":"taxable","13":"shipping-taxable","14":"product-type-simple"},"aioseo_notices":[],"_links":{"self":[{"href":"https:\/\/games.tactic.net\/sv\/wp-json\/wp\/v2\/product\/63670","targetHints":{"allow":["GET"]}}],"collection":[{"href":"https:\/\/games.tactic.net\/sv\/wp-json\/wp\/v2\/product"}],"about":[{"href":"https:\/\/games.tactic.net\/sv\/wp-json\/wp\/v2\/types\/product"}],"wp:attachment":[{"href":"https:\/\/games.tactic.net\/sv\/wp-json\/wp\/v2\/media?parent=63670"}],"wp:term":[{"taxonomy":"product_brand","embeddable":true,"href":"https:\/\/games.tactic.net\/sv\/wp-json\/wp\/v2\/product_brand?post=63670"},{"taxonomy":"product_cat","embeddable":true,"href":"https:\/\/games.tactic.net\/sv\/wp-json\/wp\/v2\/product_cat?post=63670"},{"taxonomy":"product_tag","embeddable":true,"href":"https:\/\/games.tactic.net\/sv\/wp-json\/wp\/v2\/product_tag?post=63670"},{"taxonomy":"brand","embeddable":true,"href":"https:\/\/games.tactic.net\/sv\/wp-json\/wp\/v2\/brand?post=63670"},{"taxonomy":"target-group","embeddable":true,"href":"https:\/\/games.tactic.net\/sv\/wp-json\/wp\/v2\/target-group?post=63670"},{"taxonomy":"discontinued","embeddable":true,"href":"https:\/\/games.tactic.net\/sv\/wp-json\/wp\/v2\/discontinued?post=63670"}],"curies":[{"name":"wp","href":"https:\/\/api.w.org\/{rel}","templated":true}]}}