{"id":63669,"date":"2021-02-16T11:59:12","date_gmt":"2021-02-16T09:59:12","guid":{"rendered":"https:\/\/dev.tactic.net\/tuote\/seas-of-fortune\/"},"modified":"2025-07-17T08:50:13","modified_gmt":"2025-07-17T05:50:13","slug":"seas-of-fortune","status":"archive","type":"product","link":"https:\/\/games.tactic.net\/sv\/tuote\/seas-of-fortune\/","title":{"rendered":"Gamestorm Seas of Fortune br\u00e4dspel"},"content":{"rendered":"<p>K\u00e4nn dig som en 1800-tals handelsman och segla fr\u00e5n hamn till hamn i \u00d6stersj\u00f6n och i Nordsj\u00f6n! T\u00e4vla med de andra spelarna om den b\u00e4sta bes\u00e4ttningen, fyll ditt skepp med varor och f\u00f6rs\u00f6k f\u00e5 med dem till din destination innan de andra spelarna sl\u00e5r dig. V\u00e4lj dina varor och din bes\u00e4ttning noggrant eftersom de p\u00e5verkar hur fort du kan segla och hur mycket pengar du kan tj\u00e4na! Spelaren med h\u00f6gst po\u00e4ng vinner!<\/p>\n","protected":false},"excerpt":{"rendered":"<p>K\u00e4nn dig som en 1800-tals handelsman och segla fr\u00e5n hamn till hamn i \u00d6stersj\u00f6n och i Nordsj\u00f6n! T\u00e4vla med de andra spelarna om den b\u00e4sta bes\u00e4ttningen, fyll ditt skepp med varor och f\u00f6rs\u00f6k f\u00e5 med dem till din destination innan de andra spelarna sl\u00e5r dig. V\u00e4lj dina varor och din bes\u00e4ttning noggrant eftersom de p\u00e5verkar hur fort du kan segla och hur mycket pengar du kan tj\u00e4na! Spelaren med h\u00f6gst po\u00e4ng vinner!<\/p>\n","protected":false},"featured_media":0,"template":"","meta":{"content-type":"","_monsterinsights_skip_tracking":false,"_monsterinsights_sitenote_active":false,"_monsterinsights_sitenote_note":"","_monsterinsights_sitenote_category":0},"product_brand":[],"product_cat":[1522,772],"product_tag":[1238],"brand":[{"id":881,"name":"Gamestorm Studio","slug":"gamestormstudio"}],"target-group":[],"discontinued":[],"class_list":{"0":"post-63669","1":"product","2":"type-product","3":"status-archive","5":"product_cat-strategispel-vuxenspel","6":"product_cat-strategispel","7":"product_tag-strategi-sv","8":"brand-gamestormstudio","10":"first","11":"outofstock","12":"taxable","13":"shipping-taxable","14":"product-type-simple"},"aioseo_notices":[],"_links":{"self":[{"href":"https:\/\/games.tactic.net\/sv\/wp-json\/wp\/v2\/product\/63669","targetHints":{"allow":["GET"]}}],"collection":[{"href":"https:\/\/games.tactic.net\/sv\/wp-json\/wp\/v2\/product"}],"about":[{"href":"https:\/\/games.tactic.net\/sv\/wp-json\/wp\/v2\/types\/product"}],"wp:attachment":[{"href":"https:\/\/games.tactic.net\/sv\/wp-json\/wp\/v2\/media?parent=63669"}],"wp:term":[{"taxonomy":"product_brand","embeddable":true,"href":"https:\/\/games.tactic.net\/sv\/wp-json\/wp\/v2\/product_brand?post=63669"},{"taxonomy":"product_cat","embeddable":true,"href":"https:\/\/games.tactic.net\/sv\/wp-json\/wp\/v2\/product_cat?post=63669"},{"taxonomy":"product_tag","embeddable":true,"href":"https:\/\/games.tactic.net\/sv\/wp-json\/wp\/v2\/product_tag?post=63669"},{"taxonomy":"brand","embeddable":true,"href":"https:\/\/games.tactic.net\/sv\/wp-json\/wp\/v2\/brand?post=63669"},{"taxonomy":"target-group","embeddable":true,"href":"https:\/\/games.tactic.net\/sv\/wp-json\/wp\/v2\/target-group?post=63669"},{"taxonomy":"discontinued","embeddable":true,"href":"https:\/\/games.tactic.net\/sv\/wp-json\/wp\/v2\/discontinued?post=63669"}],"curies":[{"name":"wp","href":"https:\/\/api.w.org\/{rel}","templated":true}]}}