{"id":63667,"date":"2021-02-16T11:58:40","date_gmt":"2021-02-16T09:58:40","guid":{"rendered":"https:\/\/dev.tactic.net\/tuote\/jolly-polly\/"},"modified":"2024-04-12T10:00:55","modified_gmt":"2024-04-12T07:00:55","slug":"jolly-polly","status":"archive","type":"product","link":"https:\/\/games.tactic.net\/sv\/tuote\/jolly-polly\/","title":{"rendered":"Jolly Polly"},"content":{"rendered":"<p>Banantr\u00e4det \u00e4r fullt av frukter som papegojorna vill \u00e5t. Men det \u00e4r sv\u00e5rt n\u00e4r papegojornas vikt v\u00e4ger ner grenarna och f\u00e5r tr\u00e4det av svaja. Varje papegoja beh\u00f6ver allts\u00e5 placera sig f\u00f6r att undvika att allt rasar och de ramlar av. Den som s\u00e4tter dit alla sina papejojor f\u00f6rst utan att de ramlat av vinner!<\/p>\n","protected":false},"excerpt":{"rendered":"<p>Tr\u00e4det \u00e4r full av frukter och papegojorna vill \u00e5t dem. Det \u00e4r l\u00e4ttare sagt \u00e4n gjort d\u00e5 tr\u00e4det inte st\u00e5r fast. Varje g\u00e5ng som en ny papegoja s\u00e4tter sig i tr\u00e4det s\u00e5 b\u00f6rjar det att svaja. Den som s\u00e4tter dit sin sista papejoja f\u00f6rst vinner!<\/p>\n","protected":false},"featured_media":0,"template":"","meta":{"content-type":"","_monsterinsights_skip_tracking":false,"_monsterinsights_sitenote_active":false,"_monsterinsights_sitenote_note":"","_monsterinsights_sitenote_category":0},"product_brand":[],"product_cat":[1462],"product_tag":[1220,1249],"brand":[],"target-group":[],"discontinued":[],"class_list":{"0":"post-63667","1":"product","2":"type-product","3":"status-archive","5":"product_cat-bradspel-barnspel","6":"product_tag-aktion-sv","7":"product_tag-skicklighet-sv","9":"first","10":"outofstock","11":"taxable","12":"shipping-taxable","13":"product-type-simple"},"aioseo_notices":[],"_links":{"self":[{"href":"https:\/\/games.tactic.net\/sv\/wp-json\/wp\/v2\/product\/63667","targetHints":{"allow":["GET"]}}],"collection":[{"href":"https:\/\/games.tactic.net\/sv\/wp-json\/wp\/v2\/product"}],"about":[{"href":"https:\/\/games.tactic.net\/sv\/wp-json\/wp\/v2\/types\/product"}],"wp:attachment":[{"href":"https:\/\/games.tactic.net\/sv\/wp-json\/wp\/v2\/media?parent=63667"}],"wp:term":[{"taxonomy":"product_brand","embeddable":true,"href":"https:\/\/games.tactic.net\/sv\/wp-json\/wp\/v2\/product_brand?post=63667"},{"taxonomy":"product_cat","embeddable":true,"href":"https:\/\/games.tactic.net\/sv\/wp-json\/wp\/v2\/product_cat?post=63667"},{"taxonomy":"product_tag","embeddable":true,"href":"https:\/\/games.tactic.net\/sv\/wp-json\/wp\/v2\/product_tag?post=63667"},{"taxonomy":"brand","embeddable":true,"href":"https:\/\/games.tactic.net\/sv\/wp-json\/wp\/v2\/brand?post=63667"},{"taxonomy":"target-group","embeddable":true,"href":"https:\/\/games.tactic.net\/sv\/wp-json\/wp\/v2\/target-group?post=63667"},{"taxonomy":"discontinued","embeddable":true,"href":"https:\/\/games.tactic.net\/sv\/wp-json\/wp\/v2\/discontinued?post=63667"}],"curies":[{"name":"wp","href":"https:\/\/api.w.org\/{rel}","templated":true}]}}