{"id":63637,"date":"2021-02-16T11:58:07","date_gmt":"2021-02-16T09:58:07","guid":{"rendered":"https:\/\/dev.tactic.net\/tuote\/ord-mix\/"},"modified":"2023-10-17T19:07:51","modified_gmt":"2023-10-17T16:07:51","slug":"ord-mix","status":"publish","type":"product","link":"https:\/\/games.tactic.net\/sv\/tuote\/ord-mix\/","title":{"rendered":"Tactic Ord Mix resespel"},"content":{"rendered":"<p>Kasta t\u00e4rningarna och f\u00f6rs\u00f6k att bilda s\u00e5 m\u00e5nga ord som m\u00f6jligt med bokst\u00e4verna som kom upp. Spelaren med h\u00f6gst totalpo\u00e4ng vinner.<\/p>\n","protected":false},"excerpt":{"rendered":"<p>Kasta t\u00e4rningarna och f\u00f6rs\u00f6k att bilda s\u00e5 m\u00e5nga ord som m\u00f6jligt med bokst\u00e4verna som kom upp. Spelaren med h\u00f6gst totalpo\u00e4ng vinner.<\/p>\n","protected":false},"featured_media":0,"template":"","meta":{"content-type":"","_monsterinsights_skip_tracking":false,"_monsterinsights_sitenote_active":false,"_monsterinsights_sitenote_note":"","_monsterinsights_sitenote_category":0},"product_brand":[],"product_cat":[813],"product_tag":[347],"brand":[],"target-group":[],"discontinued":[],"class_list":{"0":"post-63637","1":"product","2":"type-product","3":"status-publish","5":"product_cat-resespel","6":"product_tag-kombinera","8":"first","9":"instock","10":"taxable","11":"shipping-taxable","12":"product-type-simple"},"aioseo_notices":[],"_links":{"self":[{"href":"https:\/\/games.tactic.net\/sv\/wp-json\/wp\/v2\/product\/63637","targetHints":{"allow":["GET"]}}],"collection":[{"href":"https:\/\/games.tactic.net\/sv\/wp-json\/wp\/v2\/product"}],"about":[{"href":"https:\/\/games.tactic.net\/sv\/wp-json\/wp\/v2\/types\/product"}],"wp:attachment":[{"href":"https:\/\/games.tactic.net\/sv\/wp-json\/wp\/v2\/media?parent=63637"}],"wp:term":[{"taxonomy":"product_brand","embeddable":true,"href":"https:\/\/games.tactic.net\/sv\/wp-json\/wp\/v2\/product_brand?post=63637"},{"taxonomy":"product_cat","embeddable":true,"href":"https:\/\/games.tactic.net\/sv\/wp-json\/wp\/v2\/product_cat?post=63637"},{"taxonomy":"product_tag","embeddable":true,"href":"https:\/\/games.tactic.net\/sv\/wp-json\/wp\/v2\/product_tag?post=63637"},{"taxonomy":"brand","embeddable":true,"href":"https:\/\/games.tactic.net\/sv\/wp-json\/wp\/v2\/brand?post=63637"},{"taxonomy":"target-group","embeddable":true,"href":"https:\/\/games.tactic.net\/sv\/wp-json\/wp\/v2\/target-group?post=63637"},{"taxonomy":"discontinued","embeddable":true,"href":"https:\/\/games.tactic.net\/sv\/wp-json\/wp\/v2\/discontinued?post=63637"}],"curies":[{"name":"wp","href":"https:\/\/api.w.org\/{rel}","templated":true}]}}