{"id":63608,"date":"2021-02-16T11:57:33","date_gmt":"2021-02-16T09:57:33","guid":{"rendered":"https:\/\/dev.tactic.net\/tuote\/canal-king\/"},"modified":"2024-08-20T09:46:25","modified_gmt":"2024-08-20T06:46:25","slug":"canal-king","status":"archive","type":"product","link":"https:\/\/games.tactic.net\/sv\/tuote\/canal-king\/","title":{"rendered":"Gamestorm Canal King"},"content":{"rendered":"<p>Detta underh\u00e5llande strategispel tar dig till Brygge i Belgien. Anv\u00e4nd kanalbrickor och bygg en rutt som sammanbinder din startpunkt med din slutliga destination via tv\u00e5 stationer. N\u00e4r din rutt \u00e4r klar hoppar du p\u00e5 din b\u00e5t och f\u00f6rs\u00f6ker att n\u00e5 m\u00e5l innan n\u00e5gon annan hinner f\u00f6re.<\/p>\n","protected":false},"excerpt":{"rendered":"<p>Detta underh\u00e5llande strategispel tar dig till Brygge i Belgien. Anv\u00e4nd kanalbrickor och bygg en rutt som sammanbinder din startpunkt med din slutliga destination via tv\u00e5 stationer. N\u00e4r din rutt \u00e4r klar hoppar du p\u00e5 din b\u00e5t och f\u00f6rs\u00f6ker att n\u00e5 m\u00e5l innan n\u00e5gon annan hinner f\u00f6re.<\/p>\n","protected":false},"featured_media":0,"template":"","meta":{"content-type":"","_monsterinsights_skip_tracking":false,"_monsterinsights_sitenote_active":false,"_monsterinsights_sitenote_note":"","_monsterinsights_sitenote_category":0},"product_brand":[],"product_cat":[2276,772],"product_tag":[1238],"brand":[{"id":881,"name":"Gamestorm Studio","slug":"gamestormstudio"}],"target-group":[],"discontinued":[],"class_list":{"0":"post-63608","1":"product","2":"type-product","3":"status-archive","5":"product_cat-strategispel-outlet-3","6":"product_cat-strategispel","7":"product_tag-strategi-sv","8":"brand-gamestormstudio","10":"first","11":"outofstock","12":"sale","13":"taxable","14":"shipping-taxable","15":"product-type-simple"},"aioseo_notices":[],"_links":{"self":[{"href":"https:\/\/games.tactic.net\/sv\/wp-json\/wp\/v2\/product\/63608","targetHints":{"allow":["GET"]}}],"collection":[{"href":"https:\/\/games.tactic.net\/sv\/wp-json\/wp\/v2\/product"}],"about":[{"href":"https:\/\/games.tactic.net\/sv\/wp-json\/wp\/v2\/types\/product"}],"wp:attachment":[{"href":"https:\/\/games.tactic.net\/sv\/wp-json\/wp\/v2\/media?parent=63608"}],"wp:term":[{"taxonomy":"product_brand","embeddable":true,"href":"https:\/\/games.tactic.net\/sv\/wp-json\/wp\/v2\/product_brand?post=63608"},{"taxonomy":"product_cat","embeddable":true,"href":"https:\/\/games.tactic.net\/sv\/wp-json\/wp\/v2\/product_cat?post=63608"},{"taxonomy":"product_tag","embeddable":true,"href":"https:\/\/games.tactic.net\/sv\/wp-json\/wp\/v2\/product_tag?post=63608"},{"taxonomy":"brand","embeddable":true,"href":"https:\/\/games.tactic.net\/sv\/wp-json\/wp\/v2\/brand?post=63608"},{"taxonomy":"target-group","embeddable":true,"href":"https:\/\/games.tactic.net\/sv\/wp-json\/wp\/v2\/target-group?post=63608"},{"taxonomy":"discontinued","embeddable":true,"href":"https:\/\/games.tactic.net\/sv\/wp-json\/wp\/v2\/discontinued?post=63608"}],"curies":[{"name":"wp","href":"https:\/\/api.w.org\/{rel}","templated":true}]}}