{"id":63607,"date":"2021-02-16T11:57:01","date_gmt":"2021-02-16T09:57:01","guid":{"rendered":"https:\/\/dev.tactic.net\/tuote\/pirate-finns-i-sjon-spelkort\/"},"modified":"2025-12-03T15:06:45","modified_gmt":"2025-12-03T13:06:45","slug":"pirate-finns-i-sjon-spelkort","status":"archive","type":"product","link":"https:\/\/games.tactic.net\/sv\/tuote\/pirate-finns-i-sjon-spelkort\/","title":{"rendered":"Tactic Pirate Finns i sj\u00f6n spelkort"},"content":{"rendered":"<p>I det h\u00e4r kortspelet med pirattema ber du om ett kort fr\u00e5n din motspelare och samlar kortpar. Spelaren med flest par vinner.<\/p>\n","protected":false},"excerpt":{"rendered":"<p>I det h\u00e4r kortspelet med pirattema ber du om ett kort fr\u00e5n din motspelare och samlar kortpar. Spelaren med flest par vinner.<\/p>\n","protected":false},"featured_media":0,"template":"","meta":{"content-type":"","_monsterinsights_skip_tracking":false,"_monsterinsights_sitenote_active":false,"_monsterinsights_sitenote_note":"","_monsterinsights_sitenote_category":0},"product_brand":[],"product_cat":[1462],"product_tag":[1235],"brand":[],"target-group":[],"discontinued":[],"class_list":{"0":"post-63607","1":"product","2":"type-product","3":"status-archive","5":"product_cat-bradspel-barnspel","6":"product_tag-kombinera-sv","8":"first","9":"outofstock","10":"taxable","11":"shipping-taxable","12":"product-type-simple"},"aioseo_notices":[],"_links":{"self":[{"href":"https:\/\/games.tactic.net\/sv\/wp-json\/wp\/v2\/product\/63607","targetHints":{"allow":["GET"]}}],"collection":[{"href":"https:\/\/games.tactic.net\/sv\/wp-json\/wp\/v2\/product"}],"about":[{"href":"https:\/\/games.tactic.net\/sv\/wp-json\/wp\/v2\/types\/product"}],"wp:attachment":[{"href":"https:\/\/games.tactic.net\/sv\/wp-json\/wp\/v2\/media?parent=63607"}],"wp:term":[{"taxonomy":"product_brand","embeddable":true,"href":"https:\/\/games.tactic.net\/sv\/wp-json\/wp\/v2\/product_brand?post=63607"},{"taxonomy":"product_cat","embeddable":true,"href":"https:\/\/games.tactic.net\/sv\/wp-json\/wp\/v2\/product_cat?post=63607"},{"taxonomy":"product_tag","embeddable":true,"href":"https:\/\/games.tactic.net\/sv\/wp-json\/wp\/v2\/product_tag?post=63607"},{"taxonomy":"brand","embeddable":true,"href":"https:\/\/games.tactic.net\/sv\/wp-json\/wp\/v2\/brand?post=63607"},{"taxonomy":"target-group","embeddable":true,"href":"https:\/\/games.tactic.net\/sv\/wp-json\/wp\/v2\/target-group?post=63607"},{"taxonomy":"discontinued","embeddable":true,"href":"https:\/\/games.tactic.net\/sv\/wp-json\/wp\/v2\/discontinued?post=63607"}],"curies":[{"name":"wp","href":"https:\/\/api.w.org\/{rel}","templated":true}]}}