{"id":63604,"date":"2021-02-16T11:55:56","date_gmt":"2021-02-16T09:55:56","guid":{"rendered":"https:\/\/dev.tactic.net\/tuote\/pirate-treasure-hunt\/"},"modified":"2025-11-21T09:55:05","modified_gmt":"2025-11-21T07:55:05","slug":"pirate-treasure-hunt","status":"archive","type":"product","link":"https:\/\/games.tactic.net\/sv\/tuote\/pirate-treasure-hunt\/","title":{"rendered":"Tactic Pirate Treasure Hunt"},"content":{"rendered":"<p>Att skapa en skattjakt har aldrig varit s\u00e5 h\u00e4r l\u00e4tt. Rita, skriv eller markera ledtr\u00e5dar p\u00e5 ledtr\u00e5dsplattorna, g\u00f6m dem f\u00f6r piraterna som de sedan ska leta upp f\u00f6r att kunna ta sig till skatten. Oavsett om ni g\u00f6r detta inne eller ute s\u00e5 \u00e4r det ett utm\u00e4rkt s\u00e4tt att f\u00e5 barn att r\u00f6ra p\u00e5 sig.<\/p>\n","protected":false},"excerpt":{"rendered":"<p>Att skapa en skattjakt har aldrig varit s\u00e5 h\u00e4r l\u00e4tt. Rita, skriv eller markera ledtr\u00e5dar p\u00e5 ledtr\u00e5dsplattorna, g\u00f6m dem f\u00f6r piraterna som de sedan ska leta upp f\u00f6r att kunna ta sig till skatten. Oavsett om ni g\u00f6r detta inne eller ute s\u00e5 \u00e4r det ett utm\u00e4rkt s\u00e4tt att f\u00e5 barn att r\u00f6ra p\u00e5 sig.<\/p>\n","protected":false},"featured_media":0,"template":"","meta":{"content-type":"","_monsterinsights_skip_tracking":false,"_monsterinsights_sitenote_active":false,"_monsterinsights_sitenote_note":"","_monsterinsights_sitenote_category":0},"product_brand":[],"product_cat":[1536],"product_tag":[1227],"brand":[],"target-group":[],"discontinued":[],"class_list":{"0":"post-63604","1":"product","2":"type-product","3":"status-archive","5":"product_cat-andra-utomhusspel","6":"product_tag-kreativitet-sv","8":"first","9":"outofstock","10":"taxable","11":"shipping-taxable","12":"product-type-simple"},"aioseo_notices":[],"_links":{"self":[{"href":"https:\/\/games.tactic.net\/sv\/wp-json\/wp\/v2\/product\/63604","targetHints":{"allow":["GET"]}}],"collection":[{"href":"https:\/\/games.tactic.net\/sv\/wp-json\/wp\/v2\/product"}],"about":[{"href":"https:\/\/games.tactic.net\/sv\/wp-json\/wp\/v2\/types\/product"}],"wp:attachment":[{"href":"https:\/\/games.tactic.net\/sv\/wp-json\/wp\/v2\/media?parent=63604"}],"wp:term":[{"taxonomy":"product_brand","embeddable":true,"href":"https:\/\/games.tactic.net\/sv\/wp-json\/wp\/v2\/product_brand?post=63604"},{"taxonomy":"product_cat","embeddable":true,"href":"https:\/\/games.tactic.net\/sv\/wp-json\/wp\/v2\/product_cat?post=63604"},{"taxonomy":"product_tag","embeddable":true,"href":"https:\/\/games.tactic.net\/sv\/wp-json\/wp\/v2\/product_tag?post=63604"},{"taxonomy":"brand","embeddable":true,"href":"https:\/\/games.tactic.net\/sv\/wp-json\/wp\/v2\/brand?post=63604"},{"taxonomy":"target-group","embeddable":true,"href":"https:\/\/games.tactic.net\/sv\/wp-json\/wp\/v2\/target-group?post=63604"},{"taxonomy":"discontinued","embeddable":true,"href":"https:\/\/games.tactic.net\/sv\/wp-json\/wp\/v2\/discontinued?post=63604"}],"curies":[{"name":"wp","href":"https:\/\/api.w.org\/{rel}","templated":true}]}}