{"id":63602,"date":"2021-02-16T11:55:24","date_gmt":"2021-02-16T09:55:24","guid":{"rendered":"https:\/\/dev.tactic.net\/tuote\/pirate-battleships\/"},"modified":"2025-11-21T09:56:22","modified_gmt":"2025-11-21T07:56:22","slug":"pirate-battleships","status":"archive","type":"product","link":"https:\/\/games.tactic.net\/sv\/tuote\/pirate-battleships\/","title":{"rendered":"Tactic Pirate Battleships br\u00e4dspel"},"content":{"rendered":"<p>Ett sp\u00e4nnande klassiskt familjespel f\u00f6r tv\u00e5 spelare med pirattema. Hitta och s\u00e4nk din motspelares skepp innan du sj\u00e4lv r\u00e5kar ut f\u00f6r samma sak.<\/p>\n","protected":false},"excerpt":{"rendered":"<p>Ett sp\u00e4nnande klassiskt familjespel f\u00f6r tv\u00e5 spelare med pirattema. Hitta och s\u00e4nk din motspelares skepp innan du sj\u00e4lv r\u00e5kar ut f\u00f6r samma sak.<\/p>\n","protected":false},"featured_media":0,"template":"","meta":{"content-type":"","_monsterinsights_skip_tracking":false,"_monsterinsights_sitenote_active":false,"_monsterinsights_sitenote_note":"","_monsterinsights_sitenote_category":0},"product_brand":[],"product_cat":[1462],"product_tag":[1238,845],"brand":[],"target-group":[],"discontinued":[],"class_list":{"0":"post-63602","1":"product","2":"type-product","3":"status-archive","5":"product_cat-bradspel-barnspel","6":"product_tag-strategi-sv","7":"product_tag-tillsammans","9":"first","10":"outofstock","11":"taxable","12":"shipping-taxable","13":"product-type-simple"},"aioseo_notices":[],"_links":{"self":[{"href":"https:\/\/games.tactic.net\/sv\/wp-json\/wp\/v2\/product\/63602","targetHints":{"allow":["GET"]}}],"collection":[{"href":"https:\/\/games.tactic.net\/sv\/wp-json\/wp\/v2\/product"}],"about":[{"href":"https:\/\/games.tactic.net\/sv\/wp-json\/wp\/v2\/types\/product"}],"wp:attachment":[{"href":"https:\/\/games.tactic.net\/sv\/wp-json\/wp\/v2\/media?parent=63602"}],"wp:term":[{"taxonomy":"product_brand","embeddable":true,"href":"https:\/\/games.tactic.net\/sv\/wp-json\/wp\/v2\/product_brand?post=63602"},{"taxonomy":"product_cat","embeddable":true,"href":"https:\/\/games.tactic.net\/sv\/wp-json\/wp\/v2\/product_cat?post=63602"},{"taxonomy":"product_tag","embeddable":true,"href":"https:\/\/games.tactic.net\/sv\/wp-json\/wp\/v2\/product_tag?post=63602"},{"taxonomy":"brand","embeddable":true,"href":"https:\/\/games.tactic.net\/sv\/wp-json\/wp\/v2\/brand?post=63602"},{"taxonomy":"target-group","embeddable":true,"href":"https:\/\/games.tactic.net\/sv\/wp-json\/wp\/v2\/target-group?post=63602"},{"taxonomy":"discontinued","embeddable":true,"href":"https:\/\/games.tactic.net\/sv\/wp-json\/wp\/v2\/discontinued?post=63602"}],"curies":[{"name":"wp","href":"https:\/\/api.w.org\/{rel}","templated":true}]}}