{"id":63586,"date":"2021-02-16T11:54:52","date_gmt":"2021-02-16T09:54:52","guid":{"rendered":"https:\/\/dev.tactic.net\/tuote\/pirate-kimble\/"},"modified":"2025-11-21T09:57:01","modified_gmt":"2025-11-21T07:57:01","slug":"pirate-kimble","status":"archive","type":"product","link":"https:\/\/games.tactic.net\/sv\/tuote\/pirate-kimble\/","title":{"rendered":"Tactic Kimble Pirate br\u00e4dspel"},"content":{"rendered":"<p>Piraterna \u00e4r beredda p\u00e5 ett vilt race. Tryck p\u00e5 popupp-t\u00e4rningen och flytta dina spelpj\u00e4ser runt banan. Den spelare som f\u00f6rst av alla tar sina fyra spelpj\u00e4ser runt spelplanen vinner.<\/p>\n","protected":false},"excerpt":{"rendered":"<p>Piraterna \u00e4r beredda p\u00e5 ett vilt race. Tryck p\u00e5 popupp-t\u00e4rningen och flytta dina spelpj\u00e4ser runt banan. Den spelare som f\u00f6rst av alla tar sina fyra spelpj\u00e4ser runt spelplanen vinner.<\/p>\n","protected":false},"featured_media":0,"template":"","meta":{"content-type":"","_monsterinsights_skip_tracking":false,"_monsterinsights_sitenote_active":false,"_monsterinsights_sitenote_note":"","_monsterinsights_sitenote_category":0},"product_brand":[],"product_cat":[1462],"product_tag":[1265],"brand":[{"id":1272,"name":"Kimble","slug":"kimble-3"}],"target-group":[],"discontinued":[],"class_list":{"0":"post-63586","1":"product","2":"type-product","3":"status-archive","5":"product_cat-bradspel-barnspel","6":"product_tag-taktik-sv","7":"brand-kimble-3","9":"first","10":"outofstock","11":"taxable","12":"shipping-taxable","13":"product-type-simple"},"aioseo_notices":[],"_links":{"self":[{"href":"https:\/\/games.tactic.net\/sv\/wp-json\/wp\/v2\/product\/63586","targetHints":{"allow":["GET"]}}],"collection":[{"href":"https:\/\/games.tactic.net\/sv\/wp-json\/wp\/v2\/product"}],"about":[{"href":"https:\/\/games.tactic.net\/sv\/wp-json\/wp\/v2\/types\/product"}],"wp:attachment":[{"href":"https:\/\/games.tactic.net\/sv\/wp-json\/wp\/v2\/media?parent=63586"}],"wp:term":[{"taxonomy":"product_brand","embeddable":true,"href":"https:\/\/games.tactic.net\/sv\/wp-json\/wp\/v2\/product_brand?post=63586"},{"taxonomy":"product_cat","embeddable":true,"href":"https:\/\/games.tactic.net\/sv\/wp-json\/wp\/v2\/product_cat?post=63586"},{"taxonomy":"product_tag","embeddable":true,"href":"https:\/\/games.tactic.net\/sv\/wp-json\/wp\/v2\/product_tag?post=63586"},{"taxonomy":"brand","embeddable":true,"href":"https:\/\/games.tactic.net\/sv\/wp-json\/wp\/v2\/brand?post=63586"},{"taxonomy":"target-group","embeddable":true,"href":"https:\/\/games.tactic.net\/sv\/wp-json\/wp\/v2\/target-group?post=63586"},{"taxonomy":"discontinued","embeddable":true,"href":"https:\/\/games.tactic.net\/sv\/wp-json\/wp\/v2\/discontinued?post=63586"}],"curies":[{"name":"wp","href":"https:\/\/api.w.org\/{rel}","templated":true}]}}