{"id":63584,"date":"2021-02-16T11:53:48","date_gmt":"2021-02-16T09:53:48","guid":{"rendered":"https:\/\/dev.tactic.net\/tuote\/gift-game-ja-eller-nej\/"},"modified":"2024-04-12T09:59:57","modified_gmt":"2024-04-12T06:59:57","slug":"gift-game-ja-eller-nej","status":"archive","type":"product","link":"https:\/\/games.tactic.net\/sv\/tuote\/gift-game-ja-eller-nej\/","title":{"rendered":"Gamestorm Gift Game Ja eller nej?"},"content":{"rendered":"<p>I detta spel \u00e4r det enkelt att svara \u2013 l\u00e4gg helt enkelt bara ett JA- eller NEJ-kort p\u00e5 bordet efter det att du f\u00e5tt h\u00f6ra fr\u00e5gan. R\u00e4tt svar ger dig ett kort och f\u00f6rst till fem vinner.<\/p>\n","protected":false},"excerpt":{"rendered":"<p>I detta spel \u00e4r det enkelt att svara \u2013 l\u00e4gg helt enkelt bara ett JA- eller NEJ-kort p\u00e5 bordet efter det att du f\u00e5tt h\u00f6ra fr\u00e5gan. R\u00e4tt svar ger dig ett kort och f\u00f6rst till fem vinner.<\/p>\n","protected":false},"featured_media":0,"template":"","meta":{"content-type":"","_monsterinsights_skip_tracking":false,"_monsterinsights_sitenote_active":false,"_monsterinsights_sitenote_note":"","_monsterinsights_sitenote_category":0},"product_brand":[],"product_cat":[1541],"product_tag":[845],"brand":[],"target-group":[],"discontinued":[],"class_list":{"0":"post-63584","1":"product","2":"type-product","3":"status-archive","5":"product_cat-party-spel-vuxenspel","6":"product_tag-tillsammans","8":"first","9":"outofstock","10":"taxable","11":"shipping-taxable","12":"product-type-simple"},"aioseo_notices":[],"_links":{"self":[{"href":"https:\/\/games.tactic.net\/sv\/wp-json\/wp\/v2\/product\/63584","targetHints":{"allow":["GET"]}}],"collection":[{"href":"https:\/\/games.tactic.net\/sv\/wp-json\/wp\/v2\/product"}],"about":[{"href":"https:\/\/games.tactic.net\/sv\/wp-json\/wp\/v2\/types\/product"}],"wp:attachment":[{"href":"https:\/\/games.tactic.net\/sv\/wp-json\/wp\/v2\/media?parent=63584"}],"wp:term":[{"taxonomy":"product_brand","embeddable":true,"href":"https:\/\/games.tactic.net\/sv\/wp-json\/wp\/v2\/product_brand?post=63584"},{"taxonomy":"product_cat","embeddable":true,"href":"https:\/\/games.tactic.net\/sv\/wp-json\/wp\/v2\/product_cat?post=63584"},{"taxonomy":"product_tag","embeddable":true,"href":"https:\/\/games.tactic.net\/sv\/wp-json\/wp\/v2\/product_tag?post=63584"},{"taxonomy":"brand","embeddable":true,"href":"https:\/\/games.tactic.net\/sv\/wp-json\/wp\/v2\/brand?post=63584"},{"taxonomy":"target-group","embeddable":true,"href":"https:\/\/games.tactic.net\/sv\/wp-json\/wp\/v2\/target-group?post=63584"},{"taxonomy":"discontinued","embeddable":true,"href":"https:\/\/games.tactic.net\/sv\/wp-json\/wp\/v2\/discontinued?post=63584"}],"curies":[{"name":"wp","href":"https:\/\/api.w.org\/{rel}","templated":true}]}}