{"id":63527,"date":"2021-02-16T11:53:14","date_gmt":"2021-02-16T09:53:14","guid":{"rendered":"https:\/\/dev.tactic.net\/tuote\/gift-game-galna-lagar\/"},"modified":"2024-04-12T09:59:42","modified_gmt":"2024-04-12T06:59:42","slug":"gift-game-galna-lagar","status":"archive","type":"product","link":"https:\/\/games.tactic.net\/sv\/tuote\/gift-game-galna-lagar\/","title":{"rendered":"Gift Game: Galna lagar"},"content":{"rendered":"<p>V\u00e4rlden \u00e4r full av lagar och n\u00e5gra av dem \u00e4r nonsens. Det \u00e4r ditt jobb att gissa vad som \u00e4r sant och vad som \u00e4r falskt. Den spelare som f\u00f6rst svarar korrekt vinner ett kort. F\u00f6rst till fem vinner spelet.<\/p>\n","protected":false},"excerpt":{"rendered":"<p>V\u00e4rlden \u00e4r full av lagar och n\u00e5gra av dem \u00e4r nonsens. Det \u00e4r ditt jobb att gissa vad som \u00e4r sant och vad som \u00e4r falskt. Den spelare som f\u00f6rst svarar korrekt vinner ett kort. F\u00f6rst till fem vinner spelet.<\/p>\n","protected":false},"featured_media":0,"template":"","meta":{"content-type":"","_monsterinsights_skip_tracking":false,"_monsterinsights_sitenote_active":false,"_monsterinsights_sitenote_note":"","_monsterinsights_sitenote_category":0},"product_brand":[],"product_cat":[1541],"product_tag":[845],"brand":[],"target-group":[],"discontinued":[],"class_list":{"0":"post-63527","1":"product","2":"type-product","3":"status-archive","5":"product_cat-party-spel-vuxenspel","6":"product_tag-tillsammans","8":"first","9":"outofstock","10":"taxable","11":"shipping-taxable","12":"product-type-simple"},"aioseo_notices":[],"_links":{"self":[{"href":"https:\/\/games.tactic.net\/sv\/wp-json\/wp\/v2\/product\/63527","targetHints":{"allow":["GET"]}}],"collection":[{"href":"https:\/\/games.tactic.net\/sv\/wp-json\/wp\/v2\/product"}],"about":[{"href":"https:\/\/games.tactic.net\/sv\/wp-json\/wp\/v2\/types\/product"}],"wp:attachment":[{"href":"https:\/\/games.tactic.net\/sv\/wp-json\/wp\/v2\/media?parent=63527"}],"wp:term":[{"taxonomy":"product_brand","embeddable":true,"href":"https:\/\/games.tactic.net\/sv\/wp-json\/wp\/v2\/product_brand?post=63527"},{"taxonomy":"product_cat","embeddable":true,"href":"https:\/\/games.tactic.net\/sv\/wp-json\/wp\/v2\/product_cat?post=63527"},{"taxonomy":"product_tag","embeddable":true,"href":"https:\/\/games.tactic.net\/sv\/wp-json\/wp\/v2\/product_tag?post=63527"},{"taxonomy":"brand","embeddable":true,"href":"https:\/\/games.tactic.net\/sv\/wp-json\/wp\/v2\/brand?post=63527"},{"taxonomy":"target-group","embeddable":true,"href":"https:\/\/games.tactic.net\/sv\/wp-json\/wp\/v2\/target-group?post=63527"},{"taxonomy":"discontinued","embeddable":true,"href":"https:\/\/games.tactic.net\/sv\/wp-json\/wp\/v2\/discontinued?post=63527"}],"curies":[{"name":"wp","href":"https:\/\/api.w.org\/{rel}","templated":true}]}}