{"id":63412,"date":"2021-02-16T11:52:06","date_gmt":"2021-02-16T09:52:06","guid":{"rendered":"https:\/\/dev.tactic.net\/tuote\/gift-game-du-tror-att-du-kanner-mig\/"},"modified":"2024-04-12T09:59:15","modified_gmt":"2024-04-12T06:59:15","slug":"gift-game-du-tror-att-du-kanner-mig","status":"archive","type":"product","link":"https:\/\/games.tactic.net\/sv\/tuote\/gift-game-du-tror-att-du-kanner-mig\/","title":{"rendered":"Gamestorm Gift Game Du tror att du k\u00e4nner mig?"},"content":{"rendered":"<p>K\u00e4nner dina v\u00e4nner till vilken som \u00e4r din dr\u00f6msemester eller vilken k\u00e4ndis du helst skulle vilja \u00e4ta med? Testa dem genom att de f\u00e5r en fr\u00e5ga med alternativsvar. De spelare som tillh\u00f6r majoriteten vinner ett kort och f\u00f6rst till fem vinner.<\/p>\n","protected":false},"excerpt":{"rendered":"<p>K\u00e4nner dina v\u00e4nner till vilken som \u00e4r din dr\u00f6msemester eller vilken k\u00e4ndis du helst skulle vilja \u00e4ta med? Testa dem genom att de f\u00e5r en fr\u00e5ga med alternativsvar. De spelare som tillh\u00f6r majoriteten vinner ett kort och f\u00f6rst till fem vinner.<\/p>\n","protected":false},"featured_media":0,"template":"","meta":{"content-type":"","_monsterinsights_skip_tracking":false,"_monsterinsights_sitenote_active":false,"_monsterinsights_sitenote_note":"","_monsterinsights_sitenote_category":0},"product_brand":[],"product_cat":[1541],"product_tag":[845],"brand":[],"target-group":[],"discontinued":[],"class_list":{"0":"post-63412","1":"product","2":"type-product","3":"status-archive","5":"product_cat-party-spel-vuxenspel","6":"product_tag-tillsammans","8":"first","9":"outofstock","10":"taxable","11":"shipping-taxable","12":"product-type-simple"},"aioseo_notices":[],"_links":{"self":[{"href":"https:\/\/games.tactic.net\/sv\/wp-json\/wp\/v2\/product\/63412","targetHints":{"allow":["GET"]}}],"collection":[{"href":"https:\/\/games.tactic.net\/sv\/wp-json\/wp\/v2\/product"}],"about":[{"href":"https:\/\/games.tactic.net\/sv\/wp-json\/wp\/v2\/types\/product"}],"wp:attachment":[{"href":"https:\/\/games.tactic.net\/sv\/wp-json\/wp\/v2\/media?parent=63412"}],"wp:term":[{"taxonomy":"product_brand","embeddable":true,"href":"https:\/\/games.tactic.net\/sv\/wp-json\/wp\/v2\/product_brand?post=63412"},{"taxonomy":"product_cat","embeddable":true,"href":"https:\/\/games.tactic.net\/sv\/wp-json\/wp\/v2\/product_cat?post=63412"},{"taxonomy":"product_tag","embeddable":true,"href":"https:\/\/games.tactic.net\/sv\/wp-json\/wp\/v2\/product_tag?post=63412"},{"taxonomy":"brand","embeddable":true,"href":"https:\/\/games.tactic.net\/sv\/wp-json\/wp\/v2\/brand?post=63412"},{"taxonomy":"target-group","embeddable":true,"href":"https:\/\/games.tactic.net\/sv\/wp-json\/wp\/v2\/target-group?post=63412"},{"taxonomy":"discontinued","embeddable":true,"href":"https:\/\/games.tactic.net\/sv\/wp-json\/wp\/v2\/discontinued?post=63412"}],"curies":[{"name":"wp","href":"https:\/\/api.w.org\/{rel}","templated":true}]}}