{"id":63283,"date":"2021-02-16T11:49:55","date_gmt":"2021-02-16T09:49:55","guid":{"rendered":"https:\/\/dev.tactic.net\/tuote\/popular-dice-games\/"},"modified":"2023-10-17T16:46:14","modified_gmt":"2023-10-17T13:46:14","slug":"popular-dice-games","status":"publish","type":"product","link":"https:\/\/games.tactic.net\/sv\/tuote\/popular-dice-games\/","title":{"rendered":"Tactic Popular Dice Games"},"content":{"rendered":"<p>Detta t\u00e4rningsspel inneh\u00e5ller allt som beh\u00f6vs f\u00f6r en underh\u00e5llande kv\u00e4ll! Spelet inneh\u00e5ller regler till \u00f6ver 20 olika spel som kan spelas med t\u00e4rningar, varav en del \u00e4r gamla favoriter och en del nya popul\u00e4ra spel. Stig in i t\u00e4rningsspelens fascinerande v\u00e4rld: skaka dem, kasta dem och \u00f6nska att just du har tur med t\u00e4rningarna! Inneh\u00e5ller: 6 vanliga prickt\u00e4rningar, 5 pokert\u00e4rningar, regler, 100 spelmark\u00f6rer och 2 po\u00e4ngblock.<\/p>\n","protected":false},"excerpt":{"rendered":"<p>Detta t\u00e4rningsspel inneh\u00e5ller allt som beh\u00f6vs f\u00f6r en underh\u00e5llande kv\u00e4ll! Spelet inneh\u00e5ller regler till \u00f6ver 20 olika spel som kan spelas med t\u00e4rningar, varav en del \u00e4r gamla favoriter och en del nya popul\u00e4ra spel. Stig in i t\u00e4rningsspelens fascinerande v\u00e4rld: skaka dem, kasta dem och \u00f6nska att just du har tur med t\u00e4rningarna!<\/p>\n","protected":false},"featured_media":0,"template":"","meta":{"content-type":"","_monsterinsights_skip_tracking":false,"_monsterinsights_sitenote_active":false,"_monsterinsights_sitenote_note":"","_monsterinsights_sitenote_category":0},"product_brand":[],"product_cat":[1563,1578],"product_tag":[1030,381,845,857],"brand":[],"target-group":[],"discontinued":[],"class_list":{"0":"post-63283","1":"product","2":"type-product","3":"status-publish","5":"product_cat-kort-och-tarningsspel","6":"product_cat-kort-och-tarningsspel-familjespel","7":"product_tag-ensam","8":"product_tag-skicklighet","9":"product_tag-tillsammans","10":"product_tag-tur","12":"first","13":"instock","14":"taxable","15":"shipping-taxable","16":"product-type-simple"},"aioseo_notices":[],"_links":{"self":[{"href":"https:\/\/games.tactic.net\/sv\/wp-json\/wp\/v2\/product\/63283","targetHints":{"allow":["GET"]}}],"collection":[{"href":"https:\/\/games.tactic.net\/sv\/wp-json\/wp\/v2\/product"}],"about":[{"href":"https:\/\/games.tactic.net\/sv\/wp-json\/wp\/v2\/types\/product"}],"wp:attachment":[{"href":"https:\/\/games.tactic.net\/sv\/wp-json\/wp\/v2\/media?parent=63283"}],"wp:term":[{"taxonomy":"product_brand","embeddable":true,"href":"https:\/\/games.tactic.net\/sv\/wp-json\/wp\/v2\/product_brand?post=63283"},{"taxonomy":"product_cat","embeddable":true,"href":"https:\/\/games.tactic.net\/sv\/wp-json\/wp\/v2\/product_cat?post=63283"},{"taxonomy":"product_tag","embeddable":true,"href":"https:\/\/games.tactic.net\/sv\/wp-json\/wp\/v2\/product_tag?post=63283"},{"taxonomy":"brand","embeddable":true,"href":"https:\/\/games.tactic.net\/sv\/wp-json\/wp\/v2\/brand?post=63283"},{"taxonomy":"target-group","embeddable":true,"href":"https:\/\/games.tactic.net\/sv\/wp-json\/wp\/v2\/target-group?post=63283"},{"taxonomy":"discontinued","embeddable":true,"href":"https:\/\/games.tactic.net\/sv\/wp-json\/wp\/v2\/discontinued?post=63283"}],"curies":[{"name":"wp","href":"https:\/\/api.w.org\/{rel}","templated":true}]}}