{"id":63282,"date":"2021-02-16T11:49:23","date_gmt":"2021-02-16T09:49:23","guid":{"rendered":"https:\/\/dev.tactic.net\/tuote\/lista-ratt-resespel\/"},"modified":"2023-10-05T15:09:39","modified_gmt":"2023-10-05T12:09:39","slug":"lista-ratt-resespel","status":"publish","type":"product","link":"https:\/\/games.tactic.net\/sv\/tuote\/lista-ratt-resespel\/","title":{"rendered":"Tactic Fem i topp resespel"},"content":{"rendered":"<p>Det popul\u00e4ra s\u00e4llskapsspelet kommer h\u00e4r i mindre format. Beh\u00e4ndigt att ta med vart du \u00e4n reser!<\/p>\n","protected":false},"excerpt":{"rendered":"<p>Det popul\u00e4ra s\u00e4llskapsspelet kommer h\u00e4r i mindre format. Beh\u00e4ndigt att ta med vart du \u00e4n reser!<\/p>\n","protected":false},"featured_media":0,"template":"","meta":{"content-type":"","_monsterinsights_skip_tracking":false,"_monsterinsights_sitenote_active":false,"_monsterinsights_sitenote_note":"","_monsterinsights_sitenote_category":0},"product_brand":[],"product_cat":[813],"product_tag":[849,857],"brand":[],"target-group":[],"discontinued":[],"class_list":{"0":"post-63282","1":"product","2":"type-product","3":"status-publish","5":"product_cat-resespel","6":"product_tag-kunskap","7":"product_tag-tur","9":"first","10":"instock","11":"taxable","12":"shipping-taxable","13":"product-type-simple"},"aioseo_notices":[],"_links":{"self":[{"href":"https:\/\/games.tactic.net\/sv\/wp-json\/wp\/v2\/product\/63282","targetHints":{"allow":["GET"]}}],"collection":[{"href":"https:\/\/games.tactic.net\/sv\/wp-json\/wp\/v2\/product"}],"about":[{"href":"https:\/\/games.tactic.net\/sv\/wp-json\/wp\/v2\/types\/product"}],"wp:attachment":[{"href":"https:\/\/games.tactic.net\/sv\/wp-json\/wp\/v2\/media?parent=63282"}],"wp:term":[{"taxonomy":"product_brand","embeddable":true,"href":"https:\/\/games.tactic.net\/sv\/wp-json\/wp\/v2\/product_brand?post=63282"},{"taxonomy":"product_cat","embeddable":true,"href":"https:\/\/games.tactic.net\/sv\/wp-json\/wp\/v2\/product_cat?post=63282"},{"taxonomy":"product_tag","embeddable":true,"href":"https:\/\/games.tactic.net\/sv\/wp-json\/wp\/v2\/product_tag?post=63282"},{"taxonomy":"brand","embeddable":true,"href":"https:\/\/games.tactic.net\/sv\/wp-json\/wp\/v2\/brand?post=63282"},{"taxonomy":"target-group","embeddable":true,"href":"https:\/\/games.tactic.net\/sv\/wp-json\/wp\/v2\/target-group?post=63282"},{"taxonomy":"discontinued","embeddable":true,"href":"https:\/\/games.tactic.net\/sv\/wp-json\/wp\/v2\/discontinued?post=63282"}],"curies":[{"name":"wp","href":"https:\/\/api.w.org\/{rel}","templated":true}]}}