{"id":63253,"date":"2021-02-16T11:48:50","date_gmt":"2021-02-16T09:48:50","guid":{"rendered":"https:\/\/dev.tactic.net\/tuote\/antikrundan\/"},"modified":"2024-08-20T10:31:55","modified_gmt":"2024-08-20T07:31:55","slug":"antikrundan","status":"archive","type":"product","link":"https:\/\/games.tactic.net\/sv\/tuote\/antikrundan\/","title":{"rendered":"Antikrundan"},"content":{"rendered":"<p>Visst \u00e4r det n\u00e5got speciellt med gamla saker?<br \/>\nI detta spel skall du resa runt i Sveriges underbara land och vara med p\u00e5 olika auktioner och d\u00e4r ropa hem fina antikviteter, men se till att buda smart f\u00f6r om du l\u00e4gger f\u00f6r h\u00f6ga bud s\u00e5 kan du f\u00f6rlora pengar.<br \/>\nDen som har mest pengar vid spelets slut vinner spelet.<br \/>\nF\u00f6rutom 180 kort inneh\u00e5llande information och v\u00e4rde p\u00e5 antikviteterna s\u00e5 finns det \u00e4ven 20 st aktivitetskort f\u00f6r extra sp\u00e4nning.<\/p>\n","protected":false},"excerpt":{"rendered":"<p>ANTIKRUNDAN bjuder p\u00e5 b\u00e5de sp\u00e4nning och underh\u00e5llning och ger samtidigt kul och intressanta kunskaper om gamla f\u00f6rem\u00e5l.<\/p>\n","protected":false},"featured_media":0,"template":"","meta":{"content-type":"","_monsterinsights_skip_tracking":false,"_monsterinsights_sitenote_active":false,"_monsterinsights_sitenote_note":"","_monsterinsights_sitenote_category":0},"product_brand":[],"product_cat":[1461,683],"product_tag":[],"brand":[],"target-group":[],"discontinued":[],"class_list":{"0":"post-63253","1":"product","2":"type-product","3":"status-archive","5":"product_cat-bradspel","6":"product_cat-vuxenspel","8":"first","9":"outofstock","10":"taxable","11":"shipping-taxable","12":"product-type-simple"},"aioseo_notices":[],"_links":{"self":[{"href":"https:\/\/games.tactic.net\/sv\/wp-json\/wp\/v2\/product\/63253","targetHints":{"allow":["GET"]}}],"collection":[{"href":"https:\/\/games.tactic.net\/sv\/wp-json\/wp\/v2\/product"}],"about":[{"href":"https:\/\/games.tactic.net\/sv\/wp-json\/wp\/v2\/types\/product"}],"wp:attachment":[{"href":"https:\/\/games.tactic.net\/sv\/wp-json\/wp\/v2\/media?parent=63253"}],"wp:term":[{"taxonomy":"product_brand","embeddable":true,"href":"https:\/\/games.tactic.net\/sv\/wp-json\/wp\/v2\/product_brand?post=63253"},{"taxonomy":"product_cat","embeddable":true,"href":"https:\/\/games.tactic.net\/sv\/wp-json\/wp\/v2\/product_cat?post=63253"},{"taxonomy":"product_tag","embeddable":true,"href":"https:\/\/games.tactic.net\/sv\/wp-json\/wp\/v2\/product_tag?post=63253"},{"taxonomy":"brand","embeddable":true,"href":"https:\/\/games.tactic.net\/sv\/wp-json\/wp\/v2\/brand?post=63253"},{"taxonomy":"target-group","embeddable":true,"href":"https:\/\/games.tactic.net\/sv\/wp-json\/wp\/v2\/target-group?post=63253"},{"taxonomy":"discontinued","embeddable":true,"href":"https:\/\/games.tactic.net\/sv\/wp-json\/wp\/v2\/discontinued?post=63253"}],"curies":[{"name":"wp","href":"https:\/\/api.w.org\/{rel}","templated":true}]}}