{"id":63223,"date":"2021-02-16T11:47:44","date_gmt":"2021-02-16T09:47:44","guid":{"rendered":"https:\/\/dev.tactic.net\/tuote\/alibaba\/"},"modified":"2023-10-25T13:19:36","modified_gmt":"2023-10-25T10:19:36","slug":"alibaba","status":"publish","type":"product","link":"https:\/\/games.tactic.net\/sv\/tuote\/alibaba\/","title":{"rendered":"Tactic Alibaba br\u00e4dspel"},"content":{"rendered":"<p>Hj\u00e4lp Ali Baba att lasta sin kamel inf\u00f6r en resa genom \u00f6knen. Plocka upp ett kort och l\u00e4gg f\u00f6rem\u00e5let som visas p\u00e5 kortet f\u00f6rsiktigt p\u00e5 kamelen. Men se upp \u2013 kamelen \u00e4r lite butter och om han blir riktigt irriterad sparkar han bakut s\u00e5 att grejerna flyger all v\u00e4rldens v\u00e4g. Spelaren med flest po\u00e4ng vinner.<\/p>\n","protected":false},"excerpt":{"rendered":"<p>Hj\u00e4lp Ali Baba att lasta sin kamel inf\u00f6r en resa genom \u00f6knen. Plocka upp ett kort och l\u00e4gg f\u00f6rem\u00e5let som visas p\u00e5 kortet f\u00f6rsiktigt p\u00e5 kamelen. Men se upp \u2013 kamelen \u00e4r lite butter och om han blir riktigt irriterad sparkar han bakut s\u00e5 att grejerna flyger all v\u00e4rldens v\u00e4g. Spelaren med flest po\u00e4ng vinner.<\/p>\n","protected":false},"featured_media":0,"template":"","meta":{"content-type":"","_monsterinsights_skip_tracking":false,"_monsterinsights_sitenote_active":false,"_monsterinsights_sitenote_note":"","_monsterinsights_sitenote_category":0},"product_brand":[],"product_cat":[1461,1462],"product_tag":[1220,1227],"brand":[],"target-group":[],"discontinued":[],"class_list":{"0":"post-63223","1":"product","2":"type-product","3":"status-publish","5":"product_cat-bradspel","6":"product_cat-bradspel-barnspel","7":"product_tag-aktion-sv","8":"product_tag-kreativitet-sv","10":"first","11":"instock","12":"taxable","13":"shipping-taxable","14":"product-type-simple"},"aioseo_notices":[],"_links":{"self":[{"href":"https:\/\/games.tactic.net\/sv\/wp-json\/wp\/v2\/product\/63223","targetHints":{"allow":["GET"]}}],"collection":[{"href":"https:\/\/games.tactic.net\/sv\/wp-json\/wp\/v2\/product"}],"about":[{"href":"https:\/\/games.tactic.net\/sv\/wp-json\/wp\/v2\/types\/product"}],"wp:attachment":[{"href":"https:\/\/games.tactic.net\/sv\/wp-json\/wp\/v2\/media?parent=63223"}],"wp:term":[{"taxonomy":"product_brand","embeddable":true,"href":"https:\/\/games.tactic.net\/sv\/wp-json\/wp\/v2\/product_brand?post=63223"},{"taxonomy":"product_cat","embeddable":true,"href":"https:\/\/games.tactic.net\/sv\/wp-json\/wp\/v2\/product_cat?post=63223"},{"taxonomy":"product_tag","embeddable":true,"href":"https:\/\/games.tactic.net\/sv\/wp-json\/wp\/v2\/product_tag?post=63223"},{"taxonomy":"brand","embeddable":true,"href":"https:\/\/games.tactic.net\/sv\/wp-json\/wp\/v2\/brand?post=63223"},{"taxonomy":"target-group","embeddable":true,"href":"https:\/\/games.tactic.net\/sv\/wp-json\/wp\/v2\/target-group?post=63223"},{"taxonomy":"discontinued","embeddable":true,"href":"https:\/\/games.tactic.net\/sv\/wp-json\/wp\/v2\/discontinued?post=63223"}],"curies":[{"name":"wp","href":"https:\/\/api.w.org\/{rel}","templated":true}]}}