{"id":63222,"date":"2021-02-16T11:47:13","date_gmt":"2021-02-16T09:47:13","guid":{"rendered":"https:\/\/dev.tactic.net\/tuote\/varldens-djur\/"},"modified":"2023-10-25T14:09:03","modified_gmt":"2023-10-25T11:09:03","slug":"varldens-djur","status":"publish","type":"product","link":"https:\/\/games.tactic.net\/sv\/tuote\/varldens-djur\/","title":{"rendered":"Tactic V\u00e4rldens djur br\u00e4dspel"},"content":{"rendered":"<p>Detta roliga fr\u00e5gespel tar dig med till de vilda djuren. Res jorden runt, m\u00f6t och namnge fantastiska djur och svara p\u00e5 fr\u00e5gor om dem. Den spelare som har placerat flest djur i r\u00e4tt v\u00e4rldsdelar vinner.<\/p>\n","protected":false},"excerpt":{"rendered":"<p>Detta roliga fr\u00e5gespel tar dig med till de vilda djuren. Res jorden runt, m\u00f6t och namnge fantastiska djur och svara p\u00e5 fr\u00e5gor om dem. Den spelare som har placerat flest djur i r\u00e4tt v\u00e4rldsdelar vinner.<\/p>\n","protected":false},"featured_media":0,"template":"","meta":{"content-type":"","_monsterinsights_skip_tracking":false,"_monsterinsights_sitenote_active":false,"_monsterinsights_sitenote_note":"","_monsterinsights_sitenote_category":0},"product_brand":[],"product_cat":[1524],"product_tag":[849,388],"brand":[],"target-group":[],"discontinued":[],"class_list":{"0":"post-63222","1":"product","2":"type-product","3":"status-publish","5":"product_cat-fragespel-familjespel","6":"product_tag-kunskap","7":"product_tag-pedagogisk","9":"first","10":"instock","11":"taxable","12":"shipping-taxable","13":"product-type-simple"},"aioseo_notices":[],"_links":{"self":[{"href":"https:\/\/games.tactic.net\/sv\/wp-json\/wp\/v2\/product\/63222","targetHints":{"allow":["GET"]}}],"collection":[{"href":"https:\/\/games.tactic.net\/sv\/wp-json\/wp\/v2\/product"}],"about":[{"href":"https:\/\/games.tactic.net\/sv\/wp-json\/wp\/v2\/types\/product"}],"wp:attachment":[{"href":"https:\/\/games.tactic.net\/sv\/wp-json\/wp\/v2\/media?parent=63222"}],"wp:term":[{"taxonomy":"product_brand","embeddable":true,"href":"https:\/\/games.tactic.net\/sv\/wp-json\/wp\/v2\/product_brand?post=63222"},{"taxonomy":"product_cat","embeddable":true,"href":"https:\/\/games.tactic.net\/sv\/wp-json\/wp\/v2\/product_cat?post=63222"},{"taxonomy":"product_tag","embeddable":true,"href":"https:\/\/games.tactic.net\/sv\/wp-json\/wp\/v2\/product_tag?post=63222"},{"taxonomy":"brand","embeddable":true,"href":"https:\/\/games.tactic.net\/sv\/wp-json\/wp\/v2\/brand?post=63222"},{"taxonomy":"target-group","embeddable":true,"href":"https:\/\/games.tactic.net\/sv\/wp-json\/wp\/v2\/target-group?post=63222"},{"taxonomy":"discontinued","embeddable":true,"href":"https:\/\/games.tactic.net\/sv\/wp-json\/wp\/v2\/discontinued?post=63222"}],"curies":[{"name":"wp","href":"https:\/\/api.w.org\/{rel}","templated":true}]}}