{"id":63207,"date":"2021-02-16T11:45:35","date_gmt":"2021-02-16T09:45:35","guid":{"rendered":"https:\/\/dev.tactic.net\/tuote\/kubb-i-tralada-2\/"},"modified":"2023-10-06T18:36:52","modified_gmt":"2023-10-06T15:36:52","slug":"kubb-i-tralada-2","status":"publish","type":"product","link":"https:\/\/games.tactic.net\/sv\/tuote\/kubb-i-tralada-2\/","title":{"rendered":"Tactic Kubb i tr\u00e4l\u00e5da"},"content":{"rendered":"<p>Kubb \u00e4r ett popul\u00e4rt utomhusspel d\u00e4r du ska tr\u00e4ffa tr\u00e4k\u00e4glor med pinnar. Men se upp \u2013 om du tr\u00e4ffar kungen innan \u00f6vriga k\u00e4glor \u00e4r v\u00e4lta vinner det andra laget.<\/p>\n","protected":false},"excerpt":{"rendered":"<p>Kubb \u00e4r ett popul\u00e4rt utomhusspel d\u00e4r du ska tr\u00e4ffa tr\u00e4k\u00e4glor med pinnar. Men se upp \u2013 om du tr\u00e4ffar kungen innan \u00f6vriga k\u00e4glor \u00e4r v\u00e4lta vinner det andra laget.<\/p>\n","protected":false},"featured_media":0,"template":"","meta":{"content-type":"","_monsterinsights_skip_tracking":false,"_monsterinsights_sitenote_active":false,"_monsterinsights_sitenote_note":"","_monsterinsights_sitenote_category":0},"product_brand":[],"product_cat":[1536],"product_tag":[1220,1249],"brand":[],"target-group":[],"discontinued":[],"class_list":{"0":"post-63207","1":"product","2":"type-product","3":"status-publish","5":"product_cat-andra-utomhusspel","6":"product_tag-aktion-sv","7":"product_tag-skicklighet-sv","9":"first","10":"instock","11":"taxable","12":"shipping-taxable","13":"product-type-simple"},"aioseo_notices":[],"_links":{"self":[{"href":"https:\/\/games.tactic.net\/sv\/wp-json\/wp\/v2\/product\/63207","targetHints":{"allow":["GET"]}}],"collection":[{"href":"https:\/\/games.tactic.net\/sv\/wp-json\/wp\/v2\/product"}],"about":[{"href":"https:\/\/games.tactic.net\/sv\/wp-json\/wp\/v2\/types\/product"}],"wp:attachment":[{"href":"https:\/\/games.tactic.net\/sv\/wp-json\/wp\/v2\/media?parent=63207"}],"wp:term":[{"taxonomy":"product_brand","embeddable":true,"href":"https:\/\/games.tactic.net\/sv\/wp-json\/wp\/v2\/product_brand?post=63207"},{"taxonomy":"product_cat","embeddable":true,"href":"https:\/\/games.tactic.net\/sv\/wp-json\/wp\/v2\/product_cat?post=63207"},{"taxonomy":"product_tag","embeddable":true,"href":"https:\/\/games.tactic.net\/sv\/wp-json\/wp\/v2\/product_tag?post=63207"},{"taxonomy":"brand","embeddable":true,"href":"https:\/\/games.tactic.net\/sv\/wp-json\/wp\/v2\/brand?post=63207"},{"taxonomy":"target-group","embeddable":true,"href":"https:\/\/games.tactic.net\/sv\/wp-json\/wp\/v2\/target-group?post=63207"},{"taxonomy":"discontinued","embeddable":true,"href":"https:\/\/games.tactic.net\/sv\/wp-json\/wp\/v2\/discontinued?post=63207"}],"curies":[{"name":"wp","href":"https:\/\/api.w.org\/{rel}","templated":true}]}}