{"id":63206,"date":"2021-02-16T11:45:02","date_gmt":"2021-02-16T09:45:02","guid":{"rendered":"https:\/\/dev.tactic.net\/tuote\/sverigespelet\/"},"modified":"2023-10-25T16:24:07","modified_gmt":"2023-10-25T13:24:07","slug":"sverigespelet","status":"publish","type":"product","link":"https:\/\/games.tactic.net\/sv\/tuote\/sverigespelet\/","title":{"rendered":"Tactic Sverigespelet"},"content":{"rendered":"<p>T\u00e4vlingsjakten \u00e4r f\u00f6rlagd till Sverige d\u00e4r du ska svara p\u00e5 fr\u00e5gor kring svenska traditioner, svensk kultur, natur och mycket mer. Kasta t\u00e4rningen s\u00e5 f\u00e5r du veta om du ska ta dig runt p\u00e5 cykel eller via flyg. Varje r\u00e4tt svar ger dig ett kort och den spelare som f\u00f6rst har samlat fem olika kategorisymboler vinner.<\/p>\n","protected":false},"excerpt":{"rendered":"<p>T\u00e4vlingsjakten \u00e4r f\u00f6rlagd till Sverige d\u00e4r du ska svara p\u00e5 fr\u00e5gor kring svenska traditioner, svensk kultur, natur och mycket mer. Kasta t\u00e4rningen s\u00e5 f\u00e5r du veta om du ska ta dig runt p\u00e5 cykel eller via flyg. Varje r\u00e4tt svar ger dig ett kort och den spelare som f\u00f6rst har samlat fem olika kategorisymboler vinner.<\/p>\n","protected":false},"featured_media":0,"template":"","meta":{"content-type":"","_monsterinsights_skip_tracking":false,"_monsterinsights_sitenote_active":false,"_monsterinsights_sitenote_note":"","_monsterinsights_sitenote_category":0},"product_brand":[],"product_cat":[1524],"product_tag":[849,1254],"brand":[],"target-group":[],"discontinued":[],"class_list":{"0":"post-63206","1":"product","2":"type-product","3":"status-publish","5":"product_cat-fragespel-familjespel","6":"product_tag-kunskap","7":"product_tag-pedagogisk-sv","9":"first","10":"instock","11":"taxable","12":"shipping-taxable","13":"product-type-simple"},"aioseo_notices":[],"_links":{"self":[{"href":"https:\/\/games.tactic.net\/sv\/wp-json\/wp\/v2\/product\/63206","targetHints":{"allow":["GET"]}}],"collection":[{"href":"https:\/\/games.tactic.net\/sv\/wp-json\/wp\/v2\/product"}],"about":[{"href":"https:\/\/games.tactic.net\/sv\/wp-json\/wp\/v2\/types\/product"}],"wp:attachment":[{"href":"https:\/\/games.tactic.net\/sv\/wp-json\/wp\/v2\/media?parent=63206"}],"wp:term":[{"taxonomy":"product_brand","embeddable":true,"href":"https:\/\/games.tactic.net\/sv\/wp-json\/wp\/v2\/product_brand?post=63206"},{"taxonomy":"product_cat","embeddable":true,"href":"https:\/\/games.tactic.net\/sv\/wp-json\/wp\/v2\/product_cat?post=63206"},{"taxonomy":"product_tag","embeddable":true,"href":"https:\/\/games.tactic.net\/sv\/wp-json\/wp\/v2\/product_tag?post=63206"},{"taxonomy":"brand","embeddable":true,"href":"https:\/\/games.tactic.net\/sv\/wp-json\/wp\/v2\/brand?post=63206"},{"taxonomy":"target-group","embeddable":true,"href":"https:\/\/games.tactic.net\/sv\/wp-json\/wp\/v2\/target-group?post=63206"},{"taxonomy":"discontinued","embeddable":true,"href":"https:\/\/games.tactic.net\/sv\/wp-json\/wp\/v2\/discontinued?post=63206"}],"curies":[{"name":"wp","href":"https:\/\/api.w.org\/{rel}","templated":true}]}}