{"id":63176,"date":"2021-02-16T11:43:56","date_gmt":"2021-02-16T09:43:56","guid":{"rendered":"https:\/\/dev.tactic.net\/tuote\/hopprep\/"},"modified":"2025-05-08T13:16:40","modified_gmt":"2025-05-08T10:16:40","slug":"hopprep","status":"archive","type":"product","link":"https:\/\/games.tactic.net\/sv\/tuote\/hopprep\/","title":{"rendered":"Tactic Active Play Hopprep"},"content":{"rendered":"<p>F\u00e4rgglatt hopprep i h\u00f6g kvalitet f\u00f6r tr\u00e4ning och lek.<\/p>\n","protected":false},"excerpt":{"rendered":"<p>F\u00e4rgglatt hopprep i h\u00f6g kvalitet f\u00f6r tr\u00e4ning och lek.<\/p>\n","protected":false},"featured_media":0,"template":"","meta":{"content-type":"","_monsterinsights_skip_tracking":false,"_monsterinsights_sitenote_active":false,"_monsterinsights_sitenote_note":"","_monsterinsights_sitenote_category":0},"product_brand":[],"product_cat":[1543,1576],"product_tag":[1220,1030],"brand":[],"target-group":[],"discontinued":[],"class_list":{"0":"post-63176","1":"product","2":"type-product","3":"status-archive","5":"product_cat-active-play-utomhus-spel","6":"product_cat-active-play-barnspel","7":"product_tag-aktion-sv","8":"product_tag-ensam","10":"first","11":"outofstock","12":"taxable","13":"shipping-taxable","14":"product-type-simple"},"aioseo_notices":[],"_links":{"self":[{"href":"https:\/\/games.tactic.net\/sv\/wp-json\/wp\/v2\/product\/63176","targetHints":{"allow":["GET"]}}],"collection":[{"href":"https:\/\/games.tactic.net\/sv\/wp-json\/wp\/v2\/product"}],"about":[{"href":"https:\/\/games.tactic.net\/sv\/wp-json\/wp\/v2\/types\/product"}],"wp:attachment":[{"href":"https:\/\/games.tactic.net\/sv\/wp-json\/wp\/v2\/media?parent=63176"}],"wp:term":[{"taxonomy":"product_brand","embeddable":true,"href":"https:\/\/games.tactic.net\/sv\/wp-json\/wp\/v2\/product_brand?post=63176"},{"taxonomy":"product_cat","embeddable":true,"href":"https:\/\/games.tactic.net\/sv\/wp-json\/wp\/v2\/product_cat?post=63176"},{"taxonomy":"product_tag","embeddable":true,"href":"https:\/\/games.tactic.net\/sv\/wp-json\/wp\/v2\/product_tag?post=63176"},{"taxonomy":"brand","embeddable":true,"href":"https:\/\/games.tactic.net\/sv\/wp-json\/wp\/v2\/brand?post=63176"},{"taxonomy":"target-group","embeddable":true,"href":"https:\/\/games.tactic.net\/sv\/wp-json\/wp\/v2\/target-group?post=63176"},{"taxonomy":"discontinued","embeddable":true,"href":"https:\/\/games.tactic.net\/sv\/wp-json\/wp\/v2\/discontinued?post=63176"}],"curies":[{"name":"wp","href":"https:\/\/api.w.org\/{rel}","templated":true}]}}