{"id":63175,"date":"2021-02-16T11:43:23","date_gmt":"2021-02-16T09:43:23","guid":{"rendered":"https:\/\/dev.tactic.net\/tuote\/hop-the-scotch\/"},"modified":"2025-07-14T09:37:20","modified_gmt":"2025-07-14T06:37:20","slug":"hop-the-scotch","status":"archive","type":"product","link":"https:\/\/games.tactic.net\/sv\/tuote\/hop-the-scotch\/","title":{"rendered":"Tactic Active Play Hop the Scotch"},"content":{"rendered":"<p>Det klassiska Hoppa hage-spelet f\u00f6r barn. Kasta mark\u00f6ren p\u00e5 ett f\u00e4lt och hoppa p\u00e5 alla f\u00e4lt f\u00f6r att h\u00e4mta den.<\/p>\n","protected":false},"excerpt":{"rendered":"<p>Det klassiska Hoppa hage-spelet f\u00f6r barn. Kasta mark\u00f6ren p\u00e5 ett f\u00e4lt och hoppa p\u00e5 alla f\u00e4lt f\u00f6r att h\u00e4mta den.<\/p>\n","protected":false},"featured_media":0,"template":"","meta":{"content-type":"","_monsterinsights_skip_tracking":false,"_monsterinsights_sitenote_active":false,"_monsterinsights_sitenote_note":"","_monsterinsights_sitenote_category":0},"product_brand":[],"product_cat":[1543,1576],"product_tag":[1220,1249],"brand":[],"target-group":[],"discontinued":[],"class_list":{"0":"post-63175","1":"product","2":"type-product","3":"status-archive","5":"product_cat-active-play-utomhus-spel","6":"product_cat-active-play-barnspel","7":"product_tag-aktion-sv","8":"product_tag-skicklighet-sv","10":"first","11":"outofstock","12":"taxable","13":"shipping-taxable","14":"product-type-simple"},"aioseo_notices":[],"_links":{"self":[{"href":"https:\/\/games.tactic.net\/sv\/wp-json\/wp\/v2\/product\/63175","targetHints":{"allow":["GET"]}}],"collection":[{"href":"https:\/\/games.tactic.net\/sv\/wp-json\/wp\/v2\/product"}],"about":[{"href":"https:\/\/games.tactic.net\/sv\/wp-json\/wp\/v2\/types\/product"}],"wp:attachment":[{"href":"https:\/\/games.tactic.net\/sv\/wp-json\/wp\/v2\/media?parent=63175"}],"wp:term":[{"taxonomy":"product_brand","embeddable":true,"href":"https:\/\/games.tactic.net\/sv\/wp-json\/wp\/v2\/product_brand?post=63175"},{"taxonomy":"product_cat","embeddable":true,"href":"https:\/\/games.tactic.net\/sv\/wp-json\/wp\/v2\/product_cat?post=63175"},{"taxonomy":"product_tag","embeddable":true,"href":"https:\/\/games.tactic.net\/sv\/wp-json\/wp\/v2\/product_tag?post=63175"},{"taxonomy":"brand","embeddable":true,"href":"https:\/\/games.tactic.net\/sv\/wp-json\/wp\/v2\/brand?post=63175"},{"taxonomy":"target-group","embeddable":true,"href":"https:\/\/games.tactic.net\/sv\/wp-json\/wp\/v2\/target-group?post=63175"},{"taxonomy":"discontinued","embeddable":true,"href":"https:\/\/games.tactic.net\/sv\/wp-json\/wp\/v2\/discontinued?post=63175"}],"curies":[{"name":"wp","href":"https:\/\/api.w.org\/{rel}","templated":true}]}}