{"id":63174,"date":"2021-02-16T11:42:51","date_gmt":"2021-02-16T09:42:51","guid":{"rendered":"https:\/\/dev.tactic.net\/tuote\/croquet-animals\/"},"modified":"2025-03-03T10:00:51","modified_gmt":"2025-03-03T08:00:51","slug":"croquet-animals","status":"archive","type":"product","link":"https:\/\/games.tactic.net\/sv\/tuote\/croquet-animals\/","title":{"rendered":"Tactic Active Play Croquet, animals"},"content":{"rendered":"<p>Detta roliga och traditionella krocketspel kan spelas b\u00e5de inomhus och utomhus. Placera djurb\u00e5garna p\u00e5 gr\u00e4set eller p\u00e5 golvet och f\u00f6rs\u00f6k f\u00e5 tr\u00e4kloten att g\u00e5 igenom n\u00e4r du sl\u00e5r dem med klubban.<\/p>\n","protected":false},"excerpt":{"rendered":"<p>Detta roliga och traditionella krocketspel kan spelas b\u00e5de inomhus och utomhus. Placera djurb\u00e5garna p\u00e5 gr\u00e4set eller p\u00e5 golvet och f\u00f6rs\u00f6k f\u00e5 tr\u00e4kloten att g\u00e5 igenom n\u00e4r du sl\u00e5r dem med klubban.<\/p>\n","protected":false},"featured_media":0,"template":"","meta":{"content-type":"","_monsterinsights_skip_tracking":false,"_monsterinsights_sitenote_active":false,"_monsterinsights_sitenote_note":"","_monsterinsights_sitenote_category":0},"product_brand":[],"product_cat":[1543,1576],"product_tag":[1249],"brand":[],"target-group":[],"discontinued":[],"class_list":{"0":"post-63174","1":"product","2":"type-product","3":"status-archive","5":"product_cat-active-play-utomhus-spel","6":"product_cat-active-play-barnspel","7":"product_tag-skicklighet-sv","9":"first","10":"outofstock","11":"taxable","12":"shipping-taxable","13":"product-type-simple"},"aioseo_notices":[],"_links":{"self":[{"href":"https:\/\/games.tactic.net\/sv\/wp-json\/wp\/v2\/product\/63174","targetHints":{"allow":["GET"]}}],"collection":[{"href":"https:\/\/games.tactic.net\/sv\/wp-json\/wp\/v2\/product"}],"about":[{"href":"https:\/\/games.tactic.net\/sv\/wp-json\/wp\/v2\/types\/product"}],"wp:attachment":[{"href":"https:\/\/games.tactic.net\/sv\/wp-json\/wp\/v2\/media?parent=63174"}],"wp:term":[{"taxonomy":"product_brand","embeddable":true,"href":"https:\/\/games.tactic.net\/sv\/wp-json\/wp\/v2\/product_brand?post=63174"},{"taxonomy":"product_cat","embeddable":true,"href":"https:\/\/games.tactic.net\/sv\/wp-json\/wp\/v2\/product_cat?post=63174"},{"taxonomy":"product_tag","embeddable":true,"href":"https:\/\/games.tactic.net\/sv\/wp-json\/wp\/v2\/product_tag?post=63174"},{"taxonomy":"brand","embeddable":true,"href":"https:\/\/games.tactic.net\/sv\/wp-json\/wp\/v2\/brand?post=63174"},{"taxonomy":"target-group","embeddable":true,"href":"https:\/\/games.tactic.net\/sv\/wp-json\/wp\/v2\/target-group?post=63174"},{"taxonomy":"discontinued","embeddable":true,"href":"https:\/\/games.tactic.net\/sv\/wp-json\/wp\/v2\/discontinued?post=63174"}],"curies":[{"name":"wp","href":"https:\/\/api.w.org\/{rel}","templated":true}]}}