{"id":63144,"date":"2021-02-16T11:41:43","date_gmt":"2021-02-16T09:41:43","guid":{"rendered":"https:\/\/dev.tactic.net\/tuote\/hit-the-tin\/"},"modified":"2025-10-29T09:24:09","modified_gmt":"2025-10-29T07:24:09","slug":"hit-the-tin","status":"archive","type":"product","link":"https:\/\/games.tactic.net\/sv\/tuote\/hit-the-tin\/","title":{"rendered":"Tactic Active Play Hit the Tin"},"content":{"rendered":"<p>Bygg, sikta och tr\u00e4ffa! Vem f\u00e5r flest po\u00e4ng? Detta klassiska utomhusspel passar b\u00e5de barn och vuxna.<\/p>\n","protected":false},"excerpt":{"rendered":"<p>Bygg, sikta och tr\u00e4ffa! Vem f\u00e5r flest po\u00e4ng? Detta klassiska utomhusspel passar b\u00e5de barn och vuxna.<\/p>\n","protected":false},"featured_media":0,"template":"","meta":{"content-type":"","_monsterinsights_skip_tracking":false,"_monsterinsights_sitenote_active":false,"_monsterinsights_sitenote_note":"","_monsterinsights_sitenote_category":0},"product_brand":[],"product_cat":[1576,1543],"product_tag":[1220,1249],"brand":[],"target-group":[],"discontinued":[],"class_list":{"0":"post-63144","1":"product","2":"type-product","3":"status-archive","5":"product_cat-active-play-barnspel","6":"product_cat-active-play-utomhus-spel","7":"product_tag-aktion-sv","8":"product_tag-skicklighet-sv","10":"first","11":"outofstock","12":"taxable","13":"shipping-taxable","14":"product-type-simple"},"aioseo_notices":[],"_links":{"self":[{"href":"https:\/\/games.tactic.net\/sv\/wp-json\/wp\/v2\/product\/63144","targetHints":{"allow":["GET"]}}],"collection":[{"href":"https:\/\/games.tactic.net\/sv\/wp-json\/wp\/v2\/product"}],"about":[{"href":"https:\/\/games.tactic.net\/sv\/wp-json\/wp\/v2\/types\/product"}],"wp:attachment":[{"href":"https:\/\/games.tactic.net\/sv\/wp-json\/wp\/v2\/media?parent=63144"}],"wp:term":[{"taxonomy":"product_brand","embeddable":true,"href":"https:\/\/games.tactic.net\/sv\/wp-json\/wp\/v2\/product_brand?post=63144"},{"taxonomy":"product_cat","embeddable":true,"href":"https:\/\/games.tactic.net\/sv\/wp-json\/wp\/v2\/product_cat?post=63144"},{"taxonomy":"product_tag","embeddable":true,"href":"https:\/\/games.tactic.net\/sv\/wp-json\/wp\/v2\/product_tag?post=63144"},{"taxonomy":"brand","embeddable":true,"href":"https:\/\/games.tactic.net\/sv\/wp-json\/wp\/v2\/brand?post=63144"},{"taxonomy":"target-group","embeddable":true,"href":"https:\/\/games.tactic.net\/sv\/wp-json\/wp\/v2\/target-group?post=63144"},{"taxonomy":"discontinued","embeddable":true,"href":"https:\/\/games.tactic.net\/sv\/wp-json\/wp\/v2\/discontinued?post=63144"}],"curies":[{"name":"wp","href":"https:\/\/api.w.org\/{rel}","templated":true}]}}