{"id":63143,"date":"2021-02-16T11:41:10","date_gmt":"2021-02-16T09:41:10","guid":{"rendered":"https:\/\/dev.tactic.net\/tuote\/xl-4-i-rad\/"},"modified":"2025-09-04T08:57:56","modified_gmt":"2025-09-04T05:57:56","slug":"xl-4-i-rad","status":"archive","type":"product","link":"https:\/\/games.tactic.net\/sv\/tuote\/xl-4-i-rad\/","title":{"rendered":"Tactic Active Play XL 4 i rad"},"content":{"rendered":"<p>J\u00e4ttestort klassiskt spel i tr\u00e4. F\u00f6rs\u00f6k binda ihop fyra av dina brickor i en linje.<\/p>\n","protected":false},"excerpt":{"rendered":"<p>J\u00e4ttestort klassiskt spel i tr\u00e4. F\u00f6rs\u00f6k binda ihop fyra av dina brickor i en linje.<\/p>\n","protected":false},"featured_media":0,"template":"","meta":{"content-type":"","_monsterinsights_skip_tracking":false,"_monsterinsights_sitenote_active":false,"_monsterinsights_sitenote_note":"","_monsterinsights_sitenote_category":0},"product_brand":[],"product_cat":[1576,1543],"product_tag":[1235,1238],"brand":[],"target-group":[],"discontinued":[],"class_list":{"0":"post-63143","1":"product","2":"type-product","3":"status-archive","5":"product_cat-active-play-barnspel","6":"product_cat-active-play-utomhus-spel","7":"product_tag-kombinera-sv","8":"product_tag-strategi-sv","10":"first","11":"outofstock","12":"taxable","13":"shipping-taxable","14":"product-type-simple"},"aioseo_notices":[],"_links":{"self":[{"href":"https:\/\/games.tactic.net\/sv\/wp-json\/wp\/v2\/product\/63143","targetHints":{"allow":["GET"]}}],"collection":[{"href":"https:\/\/games.tactic.net\/sv\/wp-json\/wp\/v2\/product"}],"about":[{"href":"https:\/\/games.tactic.net\/sv\/wp-json\/wp\/v2\/types\/product"}],"wp:attachment":[{"href":"https:\/\/games.tactic.net\/sv\/wp-json\/wp\/v2\/media?parent=63143"}],"wp:term":[{"taxonomy":"product_brand","embeddable":true,"href":"https:\/\/games.tactic.net\/sv\/wp-json\/wp\/v2\/product_brand?post=63143"},{"taxonomy":"product_cat","embeddable":true,"href":"https:\/\/games.tactic.net\/sv\/wp-json\/wp\/v2\/product_cat?post=63143"},{"taxonomy":"product_tag","embeddable":true,"href":"https:\/\/games.tactic.net\/sv\/wp-json\/wp\/v2\/product_tag?post=63143"},{"taxonomy":"brand","embeddable":true,"href":"https:\/\/games.tactic.net\/sv\/wp-json\/wp\/v2\/brand?post=63143"},{"taxonomy":"target-group","embeddable":true,"href":"https:\/\/games.tactic.net\/sv\/wp-json\/wp\/v2\/target-group?post=63143"},{"taxonomy":"discontinued","embeddable":true,"href":"https:\/\/games.tactic.net\/sv\/wp-json\/wp\/v2\/discontinued?post=63143"}],"curies":[{"name":"wp","href":"https:\/\/api.w.org\/{rel}","templated":true}]}}