{"id":63140,"date":"2021-02-16T11:39:31","date_gmt":"2021-02-16T09:39:31","guid":{"rendered":"https:\/\/dev.tactic.net\/tuote\/boule-i-tralada\/"},"modified":"2023-09-27T20:33:00","modified_gmt":"2023-09-27T17:33:00","slug":"boule-i-tralada","status":"publish","type":"product","link":"https:\/\/games.tactic.net\/sv\/tuote\/boule-i-tralada\/","title":{"rendered":"Boule i tr\u00e4l\u00e5da"},"content":{"rendered":"<p>Boule \u00e4r ett klassiskt franskt utomhusspel. Sikta, kasta med precision och l\u00e5t klotet flyga mot lillen.<br \/>\nBouleset i h\u00f6g kvalitet i en snygg tr\u00e4l\u00e5da.<br \/>\nBeh\u00e4ndigt att b\u00e4ra med sig.<\/p>\n","protected":false},"excerpt":{"rendered":"<p>Boule \u00e4r ett klassiskt franskt utomhusspel. Sikta, kasta med precision och l\u00e5t klotet flyga mot lillen.<\/p>\n","protected":false},"featured_media":0,"template":"","meta":{"content-type":"","_monsterinsights_skip_tracking":false,"_monsterinsights_sitenote_active":false,"_monsterinsights_sitenote_note":"","_monsterinsights_sitenote_category":0},"product_brand":[],"product_cat":[1536],"product_tag":[1220,1249],"brand":[],"target-group":[],"discontinued":[],"class_list":{"0":"post-63140","1":"product","2":"type-product","3":"status-publish","5":"product_cat-andra-utomhusspel","6":"product_tag-aktion-sv","7":"product_tag-skicklighet-sv","9":"first","10":"instock","11":"taxable","12":"shipping-taxable","13":"product-type-simple"},"aioseo_notices":[],"_links":{"self":[{"href":"https:\/\/games.tactic.net\/sv\/wp-json\/wp\/v2\/product\/63140","targetHints":{"allow":["GET"]}}],"collection":[{"href":"https:\/\/games.tactic.net\/sv\/wp-json\/wp\/v2\/product"}],"about":[{"href":"https:\/\/games.tactic.net\/sv\/wp-json\/wp\/v2\/types\/product"}],"wp:attachment":[{"href":"https:\/\/games.tactic.net\/sv\/wp-json\/wp\/v2\/media?parent=63140"}],"wp:term":[{"taxonomy":"product_brand","embeddable":true,"href":"https:\/\/games.tactic.net\/sv\/wp-json\/wp\/v2\/product_brand?post=63140"},{"taxonomy":"product_cat","embeddable":true,"href":"https:\/\/games.tactic.net\/sv\/wp-json\/wp\/v2\/product_cat?post=63140"},{"taxonomy":"product_tag","embeddable":true,"href":"https:\/\/games.tactic.net\/sv\/wp-json\/wp\/v2\/product_tag?post=63140"},{"taxonomy":"brand","embeddable":true,"href":"https:\/\/games.tactic.net\/sv\/wp-json\/wp\/v2\/brand?post=63140"},{"taxonomy":"target-group","embeddable":true,"href":"https:\/\/games.tactic.net\/sv\/wp-json\/wp\/v2\/target-group?post=63140"},{"taxonomy":"discontinued","embeddable":true,"href":"https:\/\/games.tactic.net\/sv\/wp-json\/wp\/v2\/discontinued?post=63140"}],"curies":[{"name":"wp","href":"https:\/\/api.w.org\/{rel}","templated":true}]}}