{"id":63139,"date":"2021-02-16T11:38:58","date_gmt":"2021-02-16T09:38:58","guid":{"rendered":"https:\/\/dev.tactic.net\/tuote\/memo-insekter\/"},"modified":"2023-10-25T13:39:31","modified_gmt":"2023-10-25T10:39:31","slug":"memo-insekter","status":"publish","type":"product","link":"https:\/\/games.tactic.net\/sv\/tuote\/memo-insekter\/","title":{"rendered":"Tactic Memo Insekter minnesspel"},"content":{"rendered":"<p>Ett f\u00e4rgglatt memo fullt av otroliga sm\u00e5 insekter. Sprid ut brickorna p\u00e5 bordet och v\u00e4nd tv\u00e5 samtidigt. Om bilderna matchar f\u00e5r du beh\u00e5lla dem. Den spelare som samlar flest par vinner.<\/p>\n","protected":false},"excerpt":{"rendered":"<p>Ett f\u00e4rgglatt memo fullt av otroliga sm\u00e5 insekter. Sprid ut brickorna p\u00e5 bordet och v\u00e4nd tv\u00e5 samtidigt. Om bilderna matchar f\u00e5r du beh\u00e5lla dem. Den spelare som samlar flest par vinner.<\/p>\n","protected":false},"featured_media":0,"template":"","meta":{"content-type":"","_monsterinsights_skip_tracking":false,"_monsterinsights_sitenote_active":false,"_monsterinsights_sitenote_note":"","_monsterinsights_sitenote_category":0},"product_brand":[],"product_cat":[1567],"product_tag":[1235],"brand":[],"target-group":[],"discontinued":[],"class_list":{"0":"post-63139","1":"product","2":"type-product","3":"status-publish","5":"product_cat-memo-spel-barnspel","6":"product_tag-kombinera-sv","8":"first","9":"instock","10":"taxable","11":"shipping-taxable","12":"product-type-simple"},"aioseo_notices":[],"_links":{"self":[{"href":"https:\/\/games.tactic.net\/sv\/wp-json\/wp\/v2\/product\/63139","targetHints":{"allow":["GET"]}}],"collection":[{"href":"https:\/\/games.tactic.net\/sv\/wp-json\/wp\/v2\/product"}],"about":[{"href":"https:\/\/games.tactic.net\/sv\/wp-json\/wp\/v2\/types\/product"}],"wp:attachment":[{"href":"https:\/\/games.tactic.net\/sv\/wp-json\/wp\/v2\/media?parent=63139"}],"wp:term":[{"taxonomy":"product_brand","embeddable":true,"href":"https:\/\/games.tactic.net\/sv\/wp-json\/wp\/v2\/product_brand?post=63139"},{"taxonomy":"product_cat","embeddable":true,"href":"https:\/\/games.tactic.net\/sv\/wp-json\/wp\/v2\/product_cat?post=63139"},{"taxonomy":"product_tag","embeddable":true,"href":"https:\/\/games.tactic.net\/sv\/wp-json\/wp\/v2\/product_tag?post=63139"},{"taxonomy":"brand","embeddable":true,"href":"https:\/\/games.tactic.net\/sv\/wp-json\/wp\/v2\/brand?post=63139"},{"taxonomy":"target-group","embeddable":true,"href":"https:\/\/games.tactic.net\/sv\/wp-json\/wp\/v2\/target-group?post=63139"},{"taxonomy":"discontinued","embeddable":true,"href":"https:\/\/games.tactic.net\/sv\/wp-json\/wp\/v2\/discontinued?post=63139"}],"curies":[{"name":"wp","href":"https:\/\/api.w.org\/{rel}","templated":true}]}}