{"id":63136,"date":"2021-02-16T11:37:47","date_gmt":"2021-02-16T09:37:47","guid":{"rendered":"https:\/\/dev.tactic.net\/tuote\/memo-rymden\/"},"modified":"2023-10-25T13:45:35","modified_gmt":"2023-10-25T10:45:35","slug":"memo-rymden","status":"publish","type":"product","link":"https:\/\/games.tactic.net\/sv\/tuote\/memo-rymden\/","title":{"rendered":"Tactic Memo Rymden minnesspel"},"content":{"rendered":"<p>F\u00f6lj med p\u00e5 ett galax\u00e4ventyr med detta f\u00e4rgglada memo! Sprid ut brickorna p\u00e5 bordet och v\u00e4nd tv\u00e5 samtidigt. Om bilderna matchar f\u00e5r du beh\u00e5lla dem. Den spelare som samlar flest par vinner.<\/p>\n","protected":false},"excerpt":{"rendered":"<p>F\u00f6lj med p\u00e5 ett galax\u00e4ventyr med detta f\u00e4rgglada memo! Sprid ut brickorna p\u00e5 bordet och v\u00e4nd tv\u00e5 samtidigt. Om bilderna matchar f\u00e5r du beh\u00e5lla dem. Den spelare som samlar flest par vinner.<\/p>\n","protected":false},"featured_media":0,"template":"","meta":{"content-type":"","_monsterinsights_skip_tracking":false,"_monsterinsights_sitenote_active":false,"_monsterinsights_sitenote_note":"","_monsterinsights_sitenote_category":0},"product_brand":[],"product_cat":[1567],"product_tag":[347],"brand":[],"target-group":[],"discontinued":[],"class_list":{"0":"post-63136","1":"product","2":"type-product","3":"status-publish","5":"product_cat-memo-spel-barnspel","6":"product_tag-kombinera","8":"first","9":"instock","10":"taxable","11":"shipping-taxable","12":"product-type-simple"},"aioseo_notices":[],"_links":{"self":[{"href":"https:\/\/games.tactic.net\/sv\/wp-json\/wp\/v2\/product\/63136","targetHints":{"allow":["GET"]}}],"collection":[{"href":"https:\/\/games.tactic.net\/sv\/wp-json\/wp\/v2\/product"}],"about":[{"href":"https:\/\/games.tactic.net\/sv\/wp-json\/wp\/v2\/types\/product"}],"wp:attachment":[{"href":"https:\/\/games.tactic.net\/sv\/wp-json\/wp\/v2\/media?parent=63136"}],"wp:term":[{"taxonomy":"product_brand","embeddable":true,"href":"https:\/\/games.tactic.net\/sv\/wp-json\/wp\/v2\/product_brand?post=63136"},{"taxonomy":"product_cat","embeddable":true,"href":"https:\/\/games.tactic.net\/sv\/wp-json\/wp\/v2\/product_cat?post=63136"},{"taxonomy":"product_tag","embeddable":true,"href":"https:\/\/games.tactic.net\/sv\/wp-json\/wp\/v2\/product_tag?post=63136"},{"taxonomy":"brand","embeddable":true,"href":"https:\/\/games.tactic.net\/sv\/wp-json\/wp\/v2\/brand?post=63136"},{"taxonomy":"target-group","embeddable":true,"href":"https:\/\/games.tactic.net\/sv\/wp-json\/wp\/v2\/target-group?post=63136"},{"taxonomy":"discontinued","embeddable":true,"href":"https:\/\/games.tactic.net\/sv\/wp-json\/wp\/v2\/discontinued?post=63136"}],"curies":[{"name":"wp","href":"https:\/\/api.w.org\/{rel}","templated":true}]}}