{"id":63135,"date":"2021-02-16T11:37:44","date_gmt":"2021-02-16T09:37:44","guid":{"rendered":"https:\/\/dev.tactic.net\/tuote\/djungel-lotto\/"},"modified":"2023-10-25T13:35:05","modified_gmt":"2023-10-25T10:35:05","slug":"djungel-lotto","status":"publish","type":"product","link":"https:\/\/games.tactic.net\/sv\/tuote\/djungel-lotto\/","title":{"rendered":"Tactic Djungel Lotto br\u00e4dspel"},"content":{"rendered":"<p>V\u00e4lkommen till djungeln! Det h\u00e4r \u00e4r ett klassiskt spel f\u00f6r de yngsta medlemmarna i familjen. F\u00f6rs\u00f6k att hitta de nio r\u00e4tta brickorna som matchar bilderna p\u00e5 din bildbricka. Den spelare som f\u00f6rst har fyllt sin bricka vinner.<\/p>\n","protected":false},"excerpt":{"rendered":"<p>V\u00e4lkommen till djungeln! Det h\u00e4r \u00e4r ett klassiskt spel f\u00f6r de yngsta medlemmarna i familjen. F\u00f6rs\u00f6k att hitta de nio r\u00e4tta brickorna som matchar bilderna p\u00e5 din bildbricka. Den spelare som f\u00f6rst har fyllt sin bricka vinner.<\/p>\n","protected":false},"featured_media":0,"template":"","meta":{"content-type":"","_monsterinsights_skip_tracking":false,"_monsterinsights_sitenote_active":false,"_monsterinsights_sitenote_note":"","_monsterinsights_sitenote_category":0},"product_brand":[],"product_cat":[1567],"product_tag":[1235],"brand":[],"target-group":[],"discontinued":[],"class_list":{"0":"post-63135","1":"product","2":"type-product","3":"status-publish","5":"product_cat-memo-spel-barnspel","6":"product_tag-kombinera-sv","8":"first","9":"instock","10":"taxable","11":"shipping-taxable","12":"product-type-simple"},"aioseo_notices":[],"_links":{"self":[{"href":"https:\/\/games.tactic.net\/sv\/wp-json\/wp\/v2\/product\/63135","targetHints":{"allow":["GET"]}}],"collection":[{"href":"https:\/\/games.tactic.net\/sv\/wp-json\/wp\/v2\/product"}],"about":[{"href":"https:\/\/games.tactic.net\/sv\/wp-json\/wp\/v2\/types\/product"}],"wp:attachment":[{"href":"https:\/\/games.tactic.net\/sv\/wp-json\/wp\/v2\/media?parent=63135"}],"wp:term":[{"taxonomy":"product_brand","embeddable":true,"href":"https:\/\/games.tactic.net\/sv\/wp-json\/wp\/v2\/product_brand?post=63135"},{"taxonomy":"product_cat","embeddable":true,"href":"https:\/\/games.tactic.net\/sv\/wp-json\/wp\/v2\/product_cat?post=63135"},{"taxonomy":"product_tag","embeddable":true,"href":"https:\/\/games.tactic.net\/sv\/wp-json\/wp\/v2\/product_tag?post=63135"},{"taxonomy":"brand","embeddable":true,"href":"https:\/\/games.tactic.net\/sv\/wp-json\/wp\/v2\/brand?post=63135"},{"taxonomy":"target-group","embeddable":true,"href":"https:\/\/games.tactic.net\/sv\/wp-json\/wp\/v2\/target-group?post=63135"},{"taxonomy":"discontinued","embeddable":true,"href":"https:\/\/games.tactic.net\/sv\/wp-json\/wp\/v2\/discontinued?post=63135"}],"curies":[{"name":"wp","href":"https:\/\/api.w.org\/{rel}","templated":true}]}}