{"id":63117,"date":"2021-02-16T11:37:30","date_gmt":"2021-02-16T09:37:30","guid":{"rendered":"https:\/\/dev.tactic.net\/tuote\/segla-med-pirater-pysselbok\/"},"modified":"2023-10-06T16:23:46","modified_gmt":"2023-10-06T13:23:46","slug":"segla-med-pirater-pysselbok","status":"publish","type":"product","link":"https:\/\/games.tactic.net\/sv\/tuote\/segla-med-pirater-pysselbok\/","title":{"rendered":"Tactic Segla med pirater pysselbok"},"content":{"rendered":"<p>Skepp o hoj! Det \u00e4r dags att kasta ankar och ge sig ut p\u00e5 de sju haven. M\u00e5nga fartfyllda aktiviteter tillsammans med glada pirater. H\u00e4r finns g\u00f6mda skatter i l\u00e4nder l\u00e5ngt borta som v\u00e4ntar p\u00e5 att bli utforskade. Kliv ombord och f\u00f6lj med p\u00e5 allt det roliga!<br \/>\nI samma serie: m\u00e5larbok.<\/p>\n","protected":false},"excerpt":{"rendered":"<p><\/p>\n","protected":false},"featured_media":0,"template":"","meta":{"content-type":"","_monsterinsights_skip_tracking":false,"_monsterinsights_sitenote_active":false,"_monsterinsights_sitenote_note":"","_monsterinsights_sitenote_category":0},"product_brand":[],"product_cat":[1530],"product_tag":[],"brand":[],"target-group":[],"discontinued":[],"class_list":{"0":"post-63117","1":"product","2":"type-product","3":"status-publish","5":"product_cat-aktivitetsbocker","7":"first","8":"instock","9":"taxable","10":"shipping-taxable","11":"product-type-simple"},"aioseo_notices":[],"_links":{"self":[{"href":"https:\/\/games.tactic.net\/sv\/wp-json\/wp\/v2\/product\/63117","targetHints":{"allow":["GET"]}}],"collection":[{"href":"https:\/\/games.tactic.net\/sv\/wp-json\/wp\/v2\/product"}],"about":[{"href":"https:\/\/games.tactic.net\/sv\/wp-json\/wp\/v2\/types\/product"}],"wp:attachment":[{"href":"https:\/\/games.tactic.net\/sv\/wp-json\/wp\/v2\/media?parent=63117"}],"wp:term":[{"taxonomy":"product_brand","embeddable":true,"href":"https:\/\/games.tactic.net\/sv\/wp-json\/wp\/v2\/product_brand?post=63117"},{"taxonomy":"product_cat","embeddable":true,"href":"https:\/\/games.tactic.net\/sv\/wp-json\/wp\/v2\/product_cat?post=63117"},{"taxonomy":"product_tag","embeddable":true,"href":"https:\/\/games.tactic.net\/sv\/wp-json\/wp\/v2\/product_tag?post=63117"},{"taxonomy":"brand","embeddable":true,"href":"https:\/\/games.tactic.net\/sv\/wp-json\/wp\/v2\/brand?post=63117"},{"taxonomy":"target-group","embeddable":true,"href":"https:\/\/games.tactic.net\/sv\/wp-json\/wp\/v2\/target-group?post=63117"},{"taxonomy":"discontinued","embeddable":true,"href":"https:\/\/games.tactic.net\/sv\/wp-json\/wp\/v2\/discontinued?post=63117"}],"curies":[{"name":"wp","href":"https:\/\/api.w.org\/{rel}","templated":true}]}}