{"id":63087,"date":"2021-02-16T11:37:23","date_gmt":"2021-02-16T09:37:23","guid":{"rendered":"https:\/\/dev.tactic.net\/tuote\/bworld-car-service\/"},"modified":"2025-01-29T10:57:25","modified_gmt":"2025-01-29T08:57:25","slug":"bworld-car-service","status":"archive","type":"product","link":"https:\/\/games.tactic.net\/sv\/tuote\/bworld-car-service\/","title":{"rendered":"Bruder bworld Car service toy"},"content":{"rendered":"<p>Med de nya tematiska seten kan du dyka \u00e4nnu djupare in i BRUDERs v\u00e4rld. Tryckta v\u00e4ggelement med l\u00e4ttmonterade justerbara f\u00f6tter bildar nu en bakgrund i verkstaden f\u00f6r \u00e4nnu mer verklighet n\u00e4r du leker. Det nya hyllsystemet kan ocks\u00e5 interagera med kompontenterna. Den nya bworld-bilverkstaden \u00e4r anl\u00f6pningshamn f\u00f6r ett m\u00e5nga BRUDER-fordon som beh\u00f6ver service. Den medf\u00f6ljande mekanikern kan inspektera fordon p\u00e5 den h\u00f6jdjusterbara fordonslyften och d\u00e4refter testa bromsarna p\u00e5 den installerade testutrustningen. Resultatet visas direkt p\u00e5 sk\u00e4rmen. Mindre reparationer kan omedelbart tas om hand med de medf\u00f6ljande verktygen och d\u00e4cktrycket kontrolleras i ett sista steg. BRUDER Roadster ing\u00e5r i detta fantastiska set. Fordonet har redan bokats in f\u00f6r service. Reservhjul ing\u00e5r ocks\u00e5 och tack vare roadsterns nya hjulbytessystem \u00e4r detta ordnat p\u00e5 nolltid. <\/p>\n<p>Funktioner:<br \/>\n2 bakgrundselement tryckta p\u00e5 b\u00e5da sidor med justerbara f\u00f6tter.<br \/>\nMekaniker med verktyg och lufttrycksm\u00e4tare.<br \/>\nKomplett set reservhjul.<br \/>\nV\u00e4ggmonterad hylla med sk\u00e4rm, hylla och f\u00e4ste.<br \/>\nH\u00f6jdjusterbar fordonslyft med bromstest.<br \/>\nInkluderar BRUDER Roadster.<br \/>\nAlla bworld-bakgrundselement kan kombineras med varandra. <\/p>\n<p>Allm\u00e4n information:<br \/>\nRekommenderad \u00e5lder: l\u00e4mplig fr\u00e5n 4 \u00e5r och upp\u00e5t.<br \/>\nTillverkad av h\u00f6gkvalitativa plaster.<\/p>\n","protected":false},"excerpt":{"rendered":"<p>Bruder<\/p>\n","protected":false},"featured_media":0,"template":"","meta":{"content-type":"","_monsterinsights_skip_tracking":false,"_monsterinsights_sitenote_active":false,"_monsterinsights_sitenote_note":"","_monsterinsights_sitenote_category":0},"product_brand":[],"product_cat":[823],"product_tag":[],"brand":[],"target-group":[],"discontinued":[],"class_list":{"0":"post-63087","1":"product","2":"type-product","3":"status-archive","5":"product_cat-bruder","7":"first","8":"outofstock","9":"taxable","10":"shipping-taxable","11":"product-type-simple"},"aioseo_notices":[],"_links":{"self":[{"href":"https:\/\/games.tactic.net\/sv\/wp-json\/wp\/v2\/product\/63087","targetHints":{"allow":["GET"]}}],"collection":[{"href":"https:\/\/games.tactic.net\/sv\/wp-json\/wp\/v2\/product"}],"about":[{"href":"https:\/\/games.tactic.net\/sv\/wp-json\/wp\/v2\/types\/product"}],"wp:attachment":[{"href":"https:\/\/games.tactic.net\/sv\/wp-json\/wp\/v2\/media?parent=63087"}],"wp:term":[{"taxonomy":"product_brand","embeddable":true,"href":"https:\/\/games.tactic.net\/sv\/wp-json\/wp\/v2\/product_brand?post=63087"},{"taxonomy":"product_cat","embeddable":true,"href":"https:\/\/games.tactic.net\/sv\/wp-json\/wp\/v2\/product_cat?post=63087"},{"taxonomy":"product_tag","embeddable":true,"href":"https:\/\/games.tactic.net\/sv\/wp-json\/wp\/v2\/product_tag?post=63087"},{"taxonomy":"brand","embeddable":true,"href":"https:\/\/games.tactic.net\/sv\/wp-json\/wp\/v2\/brand?post=63087"},{"taxonomy":"target-group","embeddable":true,"href":"https:\/\/games.tactic.net\/sv\/wp-json\/wp\/v2\/target-group?post=63087"},{"taxonomy":"discontinued","embeddable":true,"href":"https:\/\/games.tactic.net\/sv\/wp-json\/wp\/v2\/discontinued?post=63087"}],"curies":[{"name":"wp","href":"https:\/\/api.w.org\/{rel}","templated":true}]}}