{"id":63071,"date":"2021-02-16T11:37:14","date_gmt":"2021-02-16T09:37:14","guid":{"rendered":"https:\/\/dev.tactic.net\/tuote\/greta-gris-hoppar-i-gyttja\/"},"modified":"2022-10-11T15:41:36","modified_gmt":"2022-10-11T12:41:36","slug":"greta-gris-hoppar-i-gyttja","status":"archive","type":"product","link":"https:\/\/games.tactic.net\/sv\/tuote\/greta-gris-hoppar-i-gyttja\/","title":{"rendered":"Greta Gris Hoppar i gyttja"},"content":{"rendered":"<div>Det \u00e4r dags f\u00f6r ett gyttjebad! Sl\u00e4pp Greta i gyttjep\u00f6len och f\u00f6rs\u00f6k skv\u00e4tta gyttja p\u00e5 de andra figurerna. F\u00f6r varje lyckat plask f\u00e5r du en bricka att l\u00e4gga i din prisram. Du vinner om du som f\u00f6rsta spelare har skv\u00e4tt gyttja p\u00e5 alla figurerna.<\/div>\n<div>\u2022 Inneh\u00e5ller ocks\u00e5 en lite sv\u00e5rare version f\u00f6r mer erfarna spelare!<\/div>\n<div>\u2022 Ett fantastiskt 3D-spel som inte \u00e4r f\u00f6r l\u00e4tt och inte f\u00f6r sv\u00e5rt!<\/div>\n","protected":false},"excerpt":{"rendered":"<div>Det \u00e4r dags f\u00f6r ett gyttjebad! Sl\u00e4pp Greta i gyttjep\u00f6len och f\u00f6rs\u00f6k skv\u00e4tta gyttja p\u00e5 de andra figurerna.<\/div>\n","protected":false},"featured_media":0,"template":"","meta":{"content-type":"","_monsterinsights_skip_tracking":false,"_monsterinsights_sitenote_active":false,"_monsterinsights_sitenote_note":"","_monsterinsights_sitenote_category":0},"product_brand":[],"product_cat":[1462],"product_tag":[],"brand":[],"target-group":[],"discontinued":[],"class_list":{"0":"post-63071","1":"product","2":"type-product","3":"status-archive","5":"product_cat-bradspel-barnspel","7":"first","8":"outofstock","9":"taxable","10":"shipping-taxable","11":"product-type-simple"},"aioseo_notices":[],"_links":{"self":[{"href":"https:\/\/games.tactic.net\/sv\/wp-json\/wp\/v2\/product\/63071","targetHints":{"allow":["GET"]}}],"collection":[{"href":"https:\/\/games.tactic.net\/sv\/wp-json\/wp\/v2\/product"}],"about":[{"href":"https:\/\/games.tactic.net\/sv\/wp-json\/wp\/v2\/types\/product"}],"wp:attachment":[{"href":"https:\/\/games.tactic.net\/sv\/wp-json\/wp\/v2\/media?parent=63071"}],"wp:term":[{"taxonomy":"product_brand","embeddable":true,"href":"https:\/\/games.tactic.net\/sv\/wp-json\/wp\/v2\/product_brand?post=63071"},{"taxonomy":"product_cat","embeddable":true,"href":"https:\/\/games.tactic.net\/sv\/wp-json\/wp\/v2\/product_cat?post=63071"},{"taxonomy":"product_tag","embeddable":true,"href":"https:\/\/games.tactic.net\/sv\/wp-json\/wp\/v2\/product_tag?post=63071"},{"taxonomy":"brand","embeddable":true,"href":"https:\/\/games.tactic.net\/sv\/wp-json\/wp\/v2\/brand?post=63071"},{"taxonomy":"target-group","embeddable":true,"href":"https:\/\/games.tactic.net\/sv\/wp-json\/wp\/v2\/target-group?post=63071"},{"taxonomy":"discontinued","embeddable":true,"href":"https:\/\/games.tactic.net\/sv\/wp-json\/wp\/v2\/discontinued?post=63071"}],"curies":[{"name":"wp","href":"https:\/\/api.w.org\/{rel}","templated":true}]}}