{"id":63041,"date":"2021-02-16T11:37:05","date_gmt":"2021-02-16T09:37:05","guid":{"rendered":"https:\/\/dev.tactic.net\/tuote\/masha-race-to-the-tree-house\/"},"modified":"2022-02-09T13:49:13","modified_gmt":"2022-02-09T11:49:13","slug":"masha-race-to-the-tree-house","status":"archive","type":"product","link":"https:\/\/games.tactic.net\/sv\/tuote\/masha-race-to-the-tree-house\/","title":{"rendered":"Masha Race to the Tree House"},"content":{"rendered":"<p>H\u00e4ng med Masha, bj\u00f6rnen och deras v\u00e4nner n\u00e4r de t\u00e4vlar om vem som kommer f\u00f6rst till bj\u00f6rnens tr\u00e4dhus. Ta hj\u00e4lp av repstegarna s\u00e5 att det g\u00e5r kvickt. Men se upp \u2013 stegarna kan ocks\u00e5 sinka dig. Snabbast till toppen vinner.<\/p>\n<p>\u2022 Sp\u00e4nnande race.<br \/>\n\u2022 Roligt f\u00f6r hela familjen.<\/p>\n","protected":false},"excerpt":{"rendered":"<p>H\u00e4ng med Masha, bj\u00f6rnen och deras v\u00e4nner n\u00e4r de t\u00e4vlar om vem som kommer f\u00f6rst till bj\u00f6rnens tr\u00e4dhus. Ta hj\u00e4lp av repstegarna s\u00e5 att det g\u00e5r kvickt. Men se upp \u2013 stegarna kan ocks\u00e5 sinka dig. Snabbast till toppen vinner.<\/p>\n","protected":false},"featured_media":0,"template":"","meta":{"content-type":"","_monsterinsights_skip_tracking":false,"_monsterinsights_sitenote_active":false,"_monsterinsights_sitenote_note":"","_monsterinsights_sitenote_category":0},"product_brand":[],"product_cat":[1462],"product_tag":[],"brand":[],"target-group":[],"discontinued":[],"class_list":{"0":"post-63041","1":"product","2":"type-product","3":"status-archive","5":"product_cat-bradspel-barnspel","7":"first","8":"outofstock","9":"taxable","10":"shipping-taxable","11":"product-type-simple"},"aioseo_notices":[],"_links":{"self":[{"href":"https:\/\/games.tactic.net\/sv\/wp-json\/wp\/v2\/product\/63041","targetHints":{"allow":["GET"]}}],"collection":[{"href":"https:\/\/games.tactic.net\/sv\/wp-json\/wp\/v2\/product"}],"about":[{"href":"https:\/\/games.tactic.net\/sv\/wp-json\/wp\/v2\/types\/product"}],"wp:attachment":[{"href":"https:\/\/games.tactic.net\/sv\/wp-json\/wp\/v2\/media?parent=63041"}],"wp:term":[{"taxonomy":"product_brand","embeddable":true,"href":"https:\/\/games.tactic.net\/sv\/wp-json\/wp\/v2\/product_brand?post=63041"},{"taxonomy":"product_cat","embeddable":true,"href":"https:\/\/games.tactic.net\/sv\/wp-json\/wp\/v2\/product_cat?post=63041"},{"taxonomy":"product_tag","embeddable":true,"href":"https:\/\/games.tactic.net\/sv\/wp-json\/wp\/v2\/product_tag?post=63041"},{"taxonomy":"brand","embeddable":true,"href":"https:\/\/games.tactic.net\/sv\/wp-json\/wp\/v2\/brand?post=63041"},{"taxonomy":"target-group","embeddable":true,"href":"https:\/\/games.tactic.net\/sv\/wp-json\/wp\/v2\/target-group?post=63041"},{"taxonomy":"discontinued","embeddable":true,"href":"https:\/\/games.tactic.net\/sv\/wp-json\/wp\/v2\/discontinued?post=63041"}],"curies":[{"name":"wp","href":"https:\/\/api.w.org\/{rel}","templated":true}]}}