{"id":63040,"date":"2021-02-16T11:37:02","date_gmt":"2021-02-16T09:37:02","guid":{"rendered":"https:\/\/dev.tactic.net\/tuote\/masha-memo\/"},"modified":"2022-02-09T13:43:10","modified_gmt":"2022-02-09T11:43:10","slug":"masha-memo","status":"archive","type":"product","link":"https:\/\/games.tactic.net\/sv\/tuote\/masha-memo\/","title":{"rendered":"Masha Memo"},"content":{"rendered":"<p>Sprid ut brickorna p\u00e5 bordet och v\u00e4nd tv\u00e5 samtidigt. Om bilderna matchar f\u00e5r du beh\u00e5lla dem. Den spelare som samlar flest par vinner.<\/p>\n","protected":false},"excerpt":{"rendered":"<p>Sprid ut brickorna p\u00e5 bordet och v\u00e4nd tv\u00e5 samtidigt. Om bilderna matchar f\u00e5r du beh\u00e5lla dem. Den spelare som samlar flest par vinner.<\/p>\n","protected":false},"featured_media":0,"template":"","meta":{"content-type":"","_monsterinsights_skip_tracking":false,"_monsterinsights_sitenote_active":false,"_monsterinsights_sitenote_note":"","_monsterinsights_sitenote_category":0},"product_brand":[],"product_cat":[1567],"product_tag":[],"brand":[],"target-group":[],"discontinued":[],"class_list":{"0":"post-63040","1":"product","2":"type-product","3":"status-archive","5":"product_cat-memo-spel-barnspel","7":"first","8":"outofstock","9":"taxable","10":"shipping-taxable","11":"product-type-simple"},"aioseo_notices":[],"_links":{"self":[{"href":"https:\/\/games.tactic.net\/sv\/wp-json\/wp\/v2\/product\/63040","targetHints":{"allow":["GET"]}}],"collection":[{"href":"https:\/\/games.tactic.net\/sv\/wp-json\/wp\/v2\/product"}],"about":[{"href":"https:\/\/games.tactic.net\/sv\/wp-json\/wp\/v2\/types\/product"}],"wp:attachment":[{"href":"https:\/\/games.tactic.net\/sv\/wp-json\/wp\/v2\/media?parent=63040"}],"wp:term":[{"taxonomy":"product_brand","embeddable":true,"href":"https:\/\/games.tactic.net\/sv\/wp-json\/wp\/v2\/product_brand?post=63040"},{"taxonomy":"product_cat","embeddable":true,"href":"https:\/\/games.tactic.net\/sv\/wp-json\/wp\/v2\/product_cat?post=63040"},{"taxonomy":"product_tag","embeddable":true,"href":"https:\/\/games.tactic.net\/sv\/wp-json\/wp\/v2\/product_tag?post=63040"},{"taxonomy":"brand","embeddable":true,"href":"https:\/\/games.tactic.net\/sv\/wp-json\/wp\/v2\/brand?post=63040"},{"taxonomy":"target-group","embeddable":true,"href":"https:\/\/games.tactic.net\/sv\/wp-json\/wp\/v2\/target-group?post=63040"},{"taxonomy":"discontinued","embeddable":true,"href":"https:\/\/games.tactic.net\/sv\/wp-json\/wp\/v2\/discontinued?post=63040"}],"curies":[{"name":"wp","href":"https:\/\/api.w.org\/{rel}","templated":true}]}}