{"id":63039,"date":"2021-02-16T11:36:58","date_gmt":"2021-02-16T09:36:58","guid":{"rendered":"https:\/\/dev.tactic.net\/tuote\/masha-and-the-bear-in-the-forest\/"},"modified":"2023-11-16T15:16:19","modified_gmt":"2023-11-16T13:16:19","slug":"masha-and-the-bear-in-the-forest","status":"archive","type":"product","link":"https:\/\/games.tactic.net\/sv\/tuote\/masha-and-the-bear-in-the-forest\/","title":{"rendered":"Masha and the Bear in the forest"},"content":{"rendered":"<p>Hj\u00e4lp Masha, bj\u00f6rnen och deras v\u00e4nner att samla b\u00e4r s\u00e5 att Masha kan g\u00f6ra smaskig paj och b\u00e4rsylt. Tryck p\u00e5 pop-upp-t\u00e4rningen, v\u00e4nd kort och samla dem som matchar t\u00e4rningen. Spelet forts\u00e4tter tills det bara \u00e4r ett b\u00e4r kvar p\u00e5 spelplanen.<\/p>\n<p>\u2022 Roligt komih\u00e5gspel f\u00f6r hela familjen. <\/p>\n","protected":false},"excerpt":{"rendered":"<p>Hj\u00e4lp Masha, bj\u00f6rnen och deras v\u00e4nner att samla b\u00e4r s\u00e5 att Masha kan g\u00f6ra smaskig paj och b\u00e4rsylt. Tryck p\u00e5 pop-upp-t\u00e4rningen, v\u00e4nd kort och samla dem som matchar t\u00e4rningen. Spelet forts\u00e4tter tills det bara \u00e4r ett b\u00e4r kvar p\u00e5 spelplanen.<\/p>\n","protected":false},"featured_media":0,"template":"","meta":{"content-type":"","_monsterinsights_skip_tracking":false,"_monsterinsights_sitenote_active":false,"_monsterinsights_sitenote_note":"","_monsterinsights_sitenote_category":0},"product_brand":[],"product_cat":[1462],"product_tag":[],"brand":[],"target-group":[],"discontinued":[],"class_list":{"0":"post-63039","1":"product","2":"type-product","3":"status-archive","5":"product_cat-bradspel-barnspel","7":"first","8":"outofstock","9":"taxable","10":"shipping-taxable","11":"product-type-simple"},"aioseo_notices":[],"_links":{"self":[{"href":"https:\/\/games.tactic.net\/sv\/wp-json\/wp\/v2\/product\/63039","targetHints":{"allow":["GET"]}}],"collection":[{"href":"https:\/\/games.tactic.net\/sv\/wp-json\/wp\/v2\/product"}],"about":[{"href":"https:\/\/games.tactic.net\/sv\/wp-json\/wp\/v2\/types\/product"}],"wp:attachment":[{"href":"https:\/\/games.tactic.net\/sv\/wp-json\/wp\/v2\/media?parent=63039"}],"wp:term":[{"taxonomy":"product_brand","embeddable":true,"href":"https:\/\/games.tactic.net\/sv\/wp-json\/wp\/v2\/product_brand?post=63039"},{"taxonomy":"product_cat","embeddable":true,"href":"https:\/\/games.tactic.net\/sv\/wp-json\/wp\/v2\/product_cat?post=63039"},{"taxonomy":"product_tag","embeddable":true,"href":"https:\/\/games.tactic.net\/sv\/wp-json\/wp\/v2\/product_tag?post=63039"},{"taxonomy":"brand","embeddable":true,"href":"https:\/\/games.tactic.net\/sv\/wp-json\/wp\/v2\/brand?post=63039"},{"taxonomy":"target-group","embeddable":true,"href":"https:\/\/games.tactic.net\/sv\/wp-json\/wp\/v2\/target-group?post=63039"},{"taxonomy":"discontinued","embeddable":true,"href":"https:\/\/games.tactic.net\/sv\/wp-json\/wp\/v2\/discontinued?post=63039"}],"curies":[{"name":"wp","href":"https:\/\/api.w.org\/{rel}","templated":true}]}}