{"id":63036,"date":"2021-02-16T11:36:49","date_gmt":"2021-02-16T09:36:49","guid":{"rendered":"https:\/\/dev.tactic.net\/tuote\/doodle-doo\/"},"modified":"2022-02-09T14:01:55","modified_gmt":"2022-02-09T12:01:55","slug":"doodle-doo","status":"archive","type":"product","link":"https:\/\/games.tactic.net\/sv\/tuote\/doodle-doo\/","title":{"rendered":"Doodle Doo"},"content":{"rendered":"<div>Klarar du dig igenom djurlabyrinten?<\/div>\n<div>Placera pennan p\u00e5 spelplanen, ta p\u00e5 \u00f6gonmasken och b\u00f6rja rita!<\/div>\n<div>Forts\u00e4tt tills n\u00e5gon kl\u00e4mmer p\u00e5 pruttkudden f\u00f6r att du ritade \u00f6ver linjerna.<\/div>\n<div>Den spelare som f\u00f6rst klarar sig igenom labyrinten vinner.<\/div>\n<div>\u2022 Labyrinter i tv\u00e5 olika sv\u00e5righetsgrader.<\/div>\n<div>\u2022 J\u00e4tterolig spelid\u00e9 som underh\u00e5ller spelare i alla \u00e5ldrar.<\/div>\n<div>\u2022 Whiteboard, \u00f6gonmask i tyg och pruttkudde.<\/div>\n","protected":false},"excerpt":{"rendered":"<div>Klarar du dig igenom djurlabyrinten?<\/div>\n<div>Placera pennan p\u00e5 spelplanen, ta p\u00e5 \u00f6gonmasken och b\u00f6rja rita!<\/div>\n","protected":false},"featured_media":0,"template":"","meta":{"content-type":"","_monsterinsights_skip_tracking":false,"_monsterinsights_sitenote_active":false,"_monsterinsights_sitenote_note":"","_monsterinsights_sitenote_category":0},"product_brand":[],"product_cat":[1461],"product_tag":[],"brand":[],"target-group":[],"discontinued":[],"class_list":{"0":"post-63036","1":"product","2":"type-product","3":"status-archive","5":"product_cat-bradspel","7":"first","8":"outofstock","9":"taxable","10":"shipping-taxable","11":"product-type-simple"},"aioseo_notices":[],"_links":{"self":[{"href":"https:\/\/games.tactic.net\/sv\/wp-json\/wp\/v2\/product\/63036","targetHints":{"allow":["GET"]}}],"collection":[{"href":"https:\/\/games.tactic.net\/sv\/wp-json\/wp\/v2\/product"}],"about":[{"href":"https:\/\/games.tactic.net\/sv\/wp-json\/wp\/v2\/types\/product"}],"wp:attachment":[{"href":"https:\/\/games.tactic.net\/sv\/wp-json\/wp\/v2\/media?parent=63036"}],"wp:term":[{"taxonomy":"product_brand","embeddable":true,"href":"https:\/\/games.tactic.net\/sv\/wp-json\/wp\/v2\/product_brand?post=63036"},{"taxonomy":"product_cat","embeddable":true,"href":"https:\/\/games.tactic.net\/sv\/wp-json\/wp\/v2\/product_cat?post=63036"},{"taxonomy":"product_tag","embeddable":true,"href":"https:\/\/games.tactic.net\/sv\/wp-json\/wp\/v2\/product_tag?post=63036"},{"taxonomy":"brand","embeddable":true,"href":"https:\/\/games.tactic.net\/sv\/wp-json\/wp\/v2\/brand?post=63036"},{"taxonomy":"target-group","embeddable":true,"href":"https:\/\/games.tactic.net\/sv\/wp-json\/wp\/v2\/target-group?post=63036"},{"taxonomy":"discontinued","embeddable":true,"href":"https:\/\/games.tactic.net\/sv\/wp-json\/wp\/v2\/discontinued?post=63036"}],"curies":[{"name":"wp","href":"https:\/\/api.w.org\/{rel}","templated":true}]}}