{"id":62992,"date":"2021-02-16T11:36:42","date_gmt":"2021-02-16T09:36:42","guid":{"rendered":"https:\/\/dev.tactic.net\/tuote\/story-game-roligt-pa-cirkus\/"},"modified":"2022-02-09T13:42:46","modified_gmt":"2022-02-09T11:42:46","slug":"story-game-roligt-pa-cirkus","status":"archive","type":"product","link":"https:\/\/games.tactic.net\/sv\/tuote\/story-game-roligt-pa-cirkus\/","title":{"rendered":"Story Game Roligt p\u00e5 cirkus"},"content":{"rendered":"<div>V\u00e4lkommen till cirkusen! Hj\u00e4lp akrobaterna att bygga ett fantastiskt torn av m\u00e4nniskor. Snurra p\u00e5 snurran och hitta vilken akrobat du ska ta och var du ska placera den. Men du m\u00e5ste placera varje akrobat h\u00f6gre upp \u00e4n den f\u00f6rra. Den spelare som blir av med alla sina akrobater f\u00f6rst vinner spelet.<\/div>\n<div>\n<ul>\n<li>Tr\u00e4nar barns finmotorik och rumsuppfattning.<\/li>\n<li>Rolig st\u00e5ende snurra.<\/li>\n<li>En sagobok medf\u00f6ljer som g\u00f6r spelet \u00e4nnu mer sp\u00e4nnande.<\/li>\n<\/ul>\n<\/div>\n<div><\/div>\n","protected":false},"excerpt":{"rendered":"<div>V\u00e4lkommen till cirkusen! Hj\u00e4lp akrobaterna att bygga ett fantastiskt torn av m\u00e4nniskor. Snurra p\u00e5 snurran och hitta vilken akrobat du ska ta och var du ska placera den. Men du m\u00e5ste placera varje akrobat h\u00f6gre upp \u00e4n den f\u00f6rra. Den spelare som blir av med alla sina akrobater f\u00f6rst vinner spelet.<\/div>\n<div><\/div>\n","protected":false},"featured_media":0,"template":"","meta":{"content-type":"","_monsterinsights_skip_tracking":false,"_monsterinsights_sitenote_active":false,"_monsterinsights_sitenote_note":"","_monsterinsights_sitenote_category":0},"product_brand":[],"product_cat":[1462],"product_tag":[],"brand":[],"target-group":[],"discontinued":[],"class_list":{"0":"post-62992","1":"product","2":"type-product","3":"status-archive","5":"product_cat-bradspel-barnspel","7":"first","8":"outofstock","9":"taxable","10":"shipping-taxable","11":"product-type-simple"},"aioseo_notices":[],"_links":{"self":[{"href":"https:\/\/games.tactic.net\/sv\/wp-json\/wp\/v2\/product\/62992","targetHints":{"allow":["GET"]}}],"collection":[{"href":"https:\/\/games.tactic.net\/sv\/wp-json\/wp\/v2\/product"}],"about":[{"href":"https:\/\/games.tactic.net\/sv\/wp-json\/wp\/v2\/types\/product"}],"wp:attachment":[{"href":"https:\/\/games.tactic.net\/sv\/wp-json\/wp\/v2\/media?parent=62992"}],"wp:term":[{"taxonomy":"product_brand","embeddable":true,"href":"https:\/\/games.tactic.net\/sv\/wp-json\/wp\/v2\/product_brand?post=62992"},{"taxonomy":"product_cat","embeddable":true,"href":"https:\/\/games.tactic.net\/sv\/wp-json\/wp\/v2\/product_cat?post=62992"},{"taxonomy":"product_tag","embeddable":true,"href":"https:\/\/games.tactic.net\/sv\/wp-json\/wp\/v2\/product_tag?post=62992"},{"taxonomy":"brand","embeddable":true,"href":"https:\/\/games.tactic.net\/sv\/wp-json\/wp\/v2\/brand?post=62992"},{"taxonomy":"target-group","embeddable":true,"href":"https:\/\/games.tactic.net\/sv\/wp-json\/wp\/v2\/target-group?post=62992"},{"taxonomy":"discontinued","embeddable":true,"href":"https:\/\/games.tactic.net\/sv\/wp-json\/wp\/v2\/discontinued?post=62992"}],"curies":[{"name":"wp","href":"https:\/\/api.w.org\/{rel}","templated":true}]}}