{"id":62969,"date":"2021-02-16T11:36:11","date_gmt":"2021-02-16T09:36:11","guid":{"rendered":"https:\/\/dev.tactic.net\/tuote\/kimble-twist-2\/"},"modified":"2023-10-25T16:22:11","modified_gmt":"2023-10-25T13:22:11","slug":"kimble-twist-2","status":"publish","type":"product","link":"https:\/\/games.tactic.net\/sv\/tuote\/kimble-twist-2\/","title":{"rendered":"Tactic Kimble Twist board game"},"content":{"rendered":"<p>\u00c4r du redo f\u00f6r en riktig t\u00e4vlingsjakt? Favoritspelet Fia har f\u00e5tt n\u00e5gra ov\u00e4ntade vinklingar. T\u00e4vla runt spelplanen och ta hem dina spelpj\u00e4ser, men se upp f\u00f6r den roterande spelplanen!<\/p>\n","protected":false},"excerpt":{"rendered":"<p>\u00c4r du redo f\u00f6r en riktig t\u00e4vlingsjakt? Favoritspelet Fia har f\u00e5tt n\u00e5gra ov\u00e4ntade vinklingar. T\u00e4vla runt spelplanen och ta hem dina spelpj\u00e4ser, men se upp f\u00f6r den roterande spelplanen!<\/p>\n","protected":false},"featured_media":0,"template":"","meta":{"content-type":"","_monsterinsights_skip_tracking":false,"_monsterinsights_sitenote_active":false,"_monsterinsights_sitenote_note":"","_monsterinsights_sitenote_category":0},"product_brand":[],"product_cat":[1461],"product_tag":[1238,1265,857],"brand":[{"id":1272,"name":"Kimble","slug":"kimble-3"}],"target-group":[],"discontinued":[],"class_list":{"0":"post-62969","1":"product","2":"type-product","3":"status-publish","5":"product_cat-bradspel","6":"product_tag-strategi-sv","7":"product_tag-taktik-sv","8":"product_tag-tur","9":"brand-kimble-3","11":"first","12":"instock","13":"taxable","14":"shipping-taxable","15":"product-type-simple"},"aioseo_notices":[],"_links":{"self":[{"href":"https:\/\/games.tactic.net\/sv\/wp-json\/wp\/v2\/product\/62969","targetHints":{"allow":["GET"]}}],"collection":[{"href":"https:\/\/games.tactic.net\/sv\/wp-json\/wp\/v2\/product"}],"about":[{"href":"https:\/\/games.tactic.net\/sv\/wp-json\/wp\/v2\/types\/product"}],"wp:attachment":[{"href":"https:\/\/games.tactic.net\/sv\/wp-json\/wp\/v2\/media?parent=62969"}],"wp:term":[{"taxonomy":"product_brand","embeddable":true,"href":"https:\/\/games.tactic.net\/sv\/wp-json\/wp\/v2\/product_brand?post=62969"},{"taxonomy":"product_cat","embeddable":true,"href":"https:\/\/games.tactic.net\/sv\/wp-json\/wp\/v2\/product_cat?post=62969"},{"taxonomy":"product_tag","embeddable":true,"href":"https:\/\/games.tactic.net\/sv\/wp-json\/wp\/v2\/product_tag?post=62969"},{"taxonomy":"brand","embeddable":true,"href":"https:\/\/games.tactic.net\/sv\/wp-json\/wp\/v2\/brand?post=62969"},{"taxonomy":"target-group","embeddable":true,"href":"https:\/\/games.tactic.net\/sv\/wp-json\/wp\/v2\/target-group?post=62969"},{"taxonomy":"discontinued","embeddable":true,"href":"https:\/\/games.tactic.net\/sv\/wp-json\/wp\/v2\/discontinued?post=62969"}],"curies":[{"name":"wp","href":"https:\/\/api.w.org\/{rel}","templated":true}]}}