{"id":62925,"date":"2021-02-16T11:35:59","date_gmt":"2021-02-16T09:35:59","guid":{"rendered":"https:\/\/dev.tactic.net\/tuote\/alias-sverige\/"},"modified":"2022-02-09T14:09:13","modified_gmt":"2022-02-09T12:09:13","slug":"alias-sverige","status":"archive","type":"product","link":"https:\/\/games.tactic.net\/sv\/tuote\/alias-sverige\/","title":{"rendered":"Alias Sverige"},"content":{"rendered":"<div>Ju fler ord du gissar r\u00e4tt, desto n\u00e4rmare \u00e4r du segern.<\/div>\n<div><\/div>\n<div>\u2022 Inneh\u00e5ller 1 800 ord om Sverige.<\/div>\n<div>\u2022 Enkla spelregler \u2013 ni kan s\u00e4tta ig\u00e5ng direkt och spela.<\/div>\n<div>\u2022 Underh\u00e5llande och l\u00e4rorikt.<\/div>\n","protected":false},"excerpt":{"rendered":"<div>I det h\u00e4r spelet f\u00e5r du testa dina kunskaper om Sverige p\u00e5 ett kul och annorlunda s\u00e4tt.<\/div>\n<div>F\u00f6rklara olika ord som relaterar till Sveriges kultur, geografi, historia, k\u00e4ndisar och mycket mer.<\/div>\n","protected":false},"featured_media":0,"template":"","meta":{"content-type":"","_monsterinsights_skip_tracking":false,"_monsterinsights_sitenote_active":false,"_monsterinsights_sitenote_note":"","_monsterinsights_sitenote_category":0},"product_brand":[],"product_cat":[1461,1541],"product_tag":[959],"brand":[{"id":599,"name":"Alias","slug":"alias_se"}],"target-group":[],"discontinued":[],"class_list":{"0":"post-62925","1":"product","2":"type-product","3":"status-archive","5":"product_cat-bradspel","6":"product_cat-party-spel-vuxenspel","7":"product_tag-ordforklaring","8":"brand-alias_se","10":"first","11":"outofstock","12":"taxable","13":"shipping-taxable","14":"product-type-simple"},"aioseo_notices":[],"_links":{"self":[{"href":"https:\/\/games.tactic.net\/sv\/wp-json\/wp\/v2\/product\/62925","targetHints":{"allow":["GET"]}}],"collection":[{"href":"https:\/\/games.tactic.net\/sv\/wp-json\/wp\/v2\/product"}],"about":[{"href":"https:\/\/games.tactic.net\/sv\/wp-json\/wp\/v2\/types\/product"}],"wp:attachment":[{"href":"https:\/\/games.tactic.net\/sv\/wp-json\/wp\/v2\/media?parent=62925"}],"wp:term":[{"taxonomy":"product_brand","embeddable":true,"href":"https:\/\/games.tactic.net\/sv\/wp-json\/wp\/v2\/product_brand?post=62925"},{"taxonomy":"product_cat","embeddable":true,"href":"https:\/\/games.tactic.net\/sv\/wp-json\/wp\/v2\/product_cat?post=62925"},{"taxonomy":"product_tag","embeddable":true,"href":"https:\/\/games.tactic.net\/sv\/wp-json\/wp\/v2\/product_tag?post=62925"},{"taxonomy":"brand","embeddable":true,"href":"https:\/\/games.tactic.net\/sv\/wp-json\/wp\/v2\/brand?post=62925"},{"taxonomy":"target-group","embeddable":true,"href":"https:\/\/games.tactic.net\/sv\/wp-json\/wp\/v2\/target-group?post=62925"},{"taxonomy":"discontinued","embeddable":true,"href":"https:\/\/games.tactic.net\/sv\/wp-json\/wp\/v2\/discontinued?post=62925"}],"curies":[{"name":"wp","href":"https:\/\/api.w.org\/{rel}","templated":true}]}}